{"id":29640,"date":"2022-01-28T11:43:02","date_gmt":"2022-01-28T10:43:02","guid":{"rendered":"https:\/\/chloe-muecke.ch\/chloe-mucke\/"},"modified":"2022-06-13T23:15:25","modified_gmt":"2022-06-13T21:15:25","slug":"chloe-mucke","status":"publish","type":"page","link":"https:\/\/chloe-muecke.ch\/de\/chloe-mucke\/","title":{"rendered":"Chlo\u00e9 M\u00fccke"},"content":{"rendered":"<p>[et_pb_section fb_built=&#8220;1&#8243; admin_label=&#8220;Hero Section&#8220; _builder_version=&#8220;4.16&#8243; background_color_gradient_direction=&#8220;105deg&#8220; background_color_gradient_start=&#8220;#1bb3eb&#8220; background_color_gradient_end=&#8220;#25efcb&#8220; custom_padding=&#8220;0px|0px|0px|0px|false|false&#8220; global_colors_info=&#8220;{}&#8220;][et_pb_row _builder_version=&#8220;4.16&#8243; background_size=&#8220;initial&#8220; background_position=&#8220;top_left&#8220; background_repeat=&#8220;repeat&#8220; global_colors_info=&#8220;{}&#8220;][et_pb_column type=&#8220;4_4&#8243; _builder_version=&#8220;4.16&#8243; custom_padding=&#8220;|||&#8220; global_colors_info=&#8220;{}&#8220; custom_padding__hover=&#8220;|||&#8220;][et_pb_text _builder_version=&#8220;4.16&#8243; text_font=&#8220;Abel||||||||&#8220; text_text_color=&#8220;#000000&#8243; text_font_size=&#8220;18px&#8220; text_line_height=&#8220;1.8em&#8220; header_font=&#8220;Abel|600|||||||&#8220; header_text_color=&#8220;#474747&#8243; header_font_size=&#8220;40px&#8220; header_3_font=&#8220;Poppins|600|||||||&#8220; header_3_font_size=&#8220;36px&#8220; header_3_line_height=&#8220;1.4em&#8220; background_layout=&#8220;dark&#8220; max_width=&#8220;600px&#8220; module_alignment=&#8220;left&#8220; custom_margin=&#8220;0px||||false|false&#8220; custom_padding=&#8220;0px||0px||false|false&#8220; text_font_size_tablet=&#8220;&#8220; text_font_size_phone=&#8220;&#8220; text_font_size_last_edited=&#8220;on|desktop&#8220; header_text_align_tablet=&#8220;&#8220; header_text_align_phone=&#8220;center&#8220; header_text_align_last_edited=&#8220;on|phone&#8220; header_font_size_tablet=&#8220;&#8220; header_font_size_phone=&#8220;24px&#8220; header_font_size_last_edited=&#8220;on|phone&#8220; locked=&#8220;off&#8220; global_colors_info=&#8220;{}&#8220;]<\/p>\n<h1>Chlo\u00e9 M\u00fccke<\/h1>\n<p>[\/et_pb_text][\/et_pb_column][\/et_pb_row][\/et_pb_section][et_pb_section fb_built=&#8220;1&#8243; module_id=&#8220;D\u00e9couvrir plus&#8220; _builder_version=&#8220;4.16&#8243; _module_preset=&#8220;default&#8220; custom_padding=&#8220;0px||0px|||&#8220; global_colors_info=&#8220;{}&#8220;][et_pb_row column_structure=&#8220;3_5,2_5&#8243; _builder_version=&#8220;4.16&#8243; _module_preset=&#8220;default&#8220; global_colors_info=&#8220;{}&#8220;][et_pb_column type=&#8220;3_5&#8243; _builder_version=&#8220;4.16&#8243; _module_preset=&#8220;default&#8220; global_colors_info=&#8220;{}&#8220;][et_pb_text _builder_version=&#8220;4.17.4&#8243; _module_preset=&#8220;default&#8220; text_font=&#8220;Abel||||||||&#8220; text_font_size=&#8220;20px&#8220; text_line_height=&#8220;1.5em&#8220; custom_margin=&#8220;0px||||false|false&#8220; custom_padding=&#8220;0px||0px||false|false&#8220; hover_enabled=&#8220;0&#8243; text_font_size_tablet=&#8220;20px&#8220; text_font_size_phone=&#8220;18px&#8220; text_font_size_last_edited=&#8220;off|phone&#8220; global_colors_info=&#8220;{}&#8220; sticky_enabled=&#8220;0&#8243;]<\/p>\n<p style=\"margin-bottom: 0cm; font-weight: normal; text-align: left;\" align=\"JUSTIFY\">Von 2009 bis 2012 habe ich meine Ausbildung an der Accademia Teatro Dimitri absolviert. Seither arbeite ich als Schauspielerin mit verschiedenen Compagnies in der Romandie und in der Deutschschweiz, wie <i>Karl&#8217;s K\u00fchne Gassenschau<\/i> (ZH) oder <em>L<\/em><i>es Diptik<\/i> (FR).<\/p>\n<p style=\"margin-bottom: 0cm; font-weight: normal; text-align: left;\" align=\"JUSTIFY\">Parallel dazu bin ich seit vielen Jahren als singer-songwriter t\u00e4tig. W\u00e4hrend langer Zeit bin ich auf der Stra\u00dfe aufgetreten und stand dann von 2016 bis 2019 mit dem Berner Trio <i>Via l\u00fa<\/i> auf der B\u00fchne. Zurzeit arbeite ich als Solok\u00fcnstlerin, zu meinem Vergn\u00fcgen und dem meiner vier W\u00e4nde.<\/p>\n<p style=\"margin-bottom: 0cm; font-weight: normal; text-align: left;\" align=\"JUSTIFY\">Meine Neugier f\u00fcr die Stimme, die sich mit der Zeit zu einer Leidenschaft entwickelt hat, begann vor langer Zeit. W\u00e4hrend meiner gesamten Jugend spielte das Singen eine wichtige Rolle f\u00fcr mich aber erst an der Accademia Teatro Dimitri, w\u00e4hrend meines Schauspielstudiums, wurde in mir der Wunsch geweckt, <b>alles \u00fcber die Stimme zu wissen<\/b> und <strong>es<\/strong> <b>weitergeben zu k\u00f6nnen.<\/b><\/p>\n<p style=\"margin-bottom: 0cm; font-weight: normal; text-align: left;\" align=\"JUSTIFY\">Daf\u00fcr habe ich im Jahr 2020 die Ausbildung\u00a0<b>Voice Global Coaching<\/b> in Paris mit Yael Benzaquen und Emmanuel Muh angefangen.<\/p>\n<p style=\"margin-bottom: 0cm; font-weight: normal; text-align: left;\" align=\"JUSTIFY\">2021 habe ich mein Diplom erhalten und begann meine T\u00e4tigkeit als Stimmtrainer und Gesangslehrerin, sowohl in Bern als auch in Freiburg.<\/p>\n<p>[\/et_pb_text][\/et_pb_column][et_pb_column type=&#8220;2_5&#8243; _builder_version=&#8220;4.16&#8243; _module_preset=&#8220;default&#8220; global_colors_info=&#8220;{}&#8220;][et_pb_image src=&#8220;https:\/\/chloe-muecke.ch\/wp-content\/uploads\/2022\/01\/IMG_2755_2-1.jpg&#8220; title_text=&#8220;IMG_2755_2&#8243; _builder_version=&#8220;4.16&#8243; _module_preset=&#8220;default&#8220; global_colors_info=&#8220;{}&#8220;][\/et_pb_image][\/et_pb_column][\/et_pb_row][\/et_pb_section]<\/p>\n","protected":false},"excerpt":{"rendered":"<p>Chlo\u00e9 M\u00fcckeVon 2009 bis 2012 habe ich meine Ausbildung an der Accademia Teatro Dimitri absolviert. Seither arbeite ich als Schauspielerin mit verschiedenen Compagnies in der Romandie und in der Deutschschweiz, wie Karl&#8217;s K\u00fchne Gassenschau (ZH) oder Les Diptik (FR). Parallel dazu bin ich seit vielen Jahren als singer-songwriter t\u00e4tig. W\u00e4hrend langer Zeit bin ich auf [&hellip;]<\/p>\n","protected":false},"author":1,"featured_media":0,"parent":0,"menu_order":0,"comment_status":"closed","ping_status":"closed","template":"","meta":{"_et_pb_use_builder":"on","_et_pb_old_content":"","_et_gb_content_width":"","footnotes":""},"class_list":["post-29640","page","type-page","status-publish","hentry"],"yoast_head":"<!-- This site is optimized with the Yoast SEO plugin v27.4 - https:\/\/yoast.com\/product\/yoast-seo-wordpress\/ -->\n<title>Chlo\u00e9 M\u00fccke - Chlo\u00e9 M\u00fccke - Coach vocale<\/title>\n<meta name=\"description\" content=\"coach vocale depuis 2021, form\u00e9e au centre Voice Global Coaching, \u00e0 Paris. Com\u00e9dienne dipl\u00f4m\u00e9e de l&#039;acad\u00e9mie de th\u00e9\u00e2tre Dimitri, depuis 2012.\" \/>\n<meta name=\"robots\" content=\"index, follow, max-snippet:-1, max-image-preview:large, max-video-preview:-1\" \/>\n<link rel=\"canonical\" href=\"https:\/\/chloe-muecke.ch\/de\/chloe-mucke\/\" \/>\n<meta property=\"og:locale\" content=\"de_DE\" \/>\n<meta property=\"og:type\" content=\"article\" \/>\n<meta property=\"og:title\" content=\"Chlo\u00e9 M\u00fccke - Chlo\u00e9 M\u00fccke - Coach vocale\" \/>\n<meta property=\"og:description\" content=\"coach vocale depuis 2021, form\u00e9e au centre Voice Global Coaching, \u00e0 Paris. Com\u00e9dienne dipl\u00f4m\u00e9e de l&#039;acad\u00e9mie de th\u00e9\u00e2tre Dimitri, depuis 2012.\" \/>\n<meta property=\"og:url\" content=\"https:\/\/chloe-muecke.ch\/de\/chloe-mucke\/\" \/>\n<meta property=\"og:site_name\" content=\"Chlo\u00e9 M\u00fccke - Coach vocale\" \/>\n<meta property=\"article:publisher\" content=\"https:\/\/www.facebook.com\/ChloeMueckeCoachVocale\" \/>\n<meta property=\"article:modified_time\" content=\"2022-06-13T21:15:25+00:00\" \/>\n<meta name=\"twitter:card\" content=\"summary_large_image\" \/>\n<meta name=\"twitter:label1\" content=\"Gesch\u00e4tzte Lesezeit\" \/>\n\t<meta name=\"twitter:data1\" content=\"3\u00a0Minuten\" \/>\n<script type=\"application\/ld+json\" class=\"yoast-schema-graph\">{\"@context\":\"https:\\\/\\\/schema.org\",\"@graph\":[{\"@type\":\"WebPage\",\"@id\":\"https:\\\/\\\/chloe-muecke.ch\\\/de\\\/chloe-mucke\\\/\",\"url\":\"https:\\\/\\\/chloe-muecke.ch\\\/de\\\/chloe-mucke\\\/\",\"name\":\"Chlo\u00e9 M\u00fccke - Chlo\u00e9 M\u00fccke - Coach vocale\",\"isPartOf\":{\"@id\":\"https:\\\/\\\/chloe-muecke.ch\\\/#website\"},\"datePublished\":\"2022-01-28T10:43:02+00:00\",\"dateModified\":\"2022-06-13T21:15:25+00:00\",\"description\":\"coach vocale depuis 2021, form\u00e9e au centre Voice Global Coaching, \u00e0 Paris. Com\u00e9dienne dipl\u00f4m\u00e9e de l'acad\u00e9mie de th\u00e9\u00e2tre Dimitri, depuis 2012.\",\"breadcrumb\":{\"@id\":\"https:\\\/\\\/chloe-muecke.ch\\\/de\\\/chloe-mucke\\\/#breadcrumb\"},\"inLanguage\":\"de\",\"potentialAction\":[{\"@type\":\"ReadAction\",\"target\":[\"https:\\\/\\\/chloe-muecke.ch\\\/de\\\/chloe-mucke\\\/\"]}]},{\"@type\":\"BreadcrumbList\",\"@id\":\"https:\\\/\\\/chloe-muecke.ch\\\/de\\\/chloe-mucke\\\/#breadcrumb\",\"itemListElement\":[{\"@type\":\"ListItem\",\"position\":1,\"name\":\"Accueil\",\"item\":\"https:\\\/\\\/chloe-muecke.ch\\\/de\\\/\"},{\"@type\":\"ListItem\",\"position\":2,\"name\":\"Chlo\u00e9 M\u00fccke\"}]},{\"@type\":\"WebSite\",\"@id\":\"https:\\\/\\\/chloe-muecke.ch\\\/#website\",\"url\":\"https:\\\/\\\/chloe-muecke.ch\\\/\",\"name\":\"Chlo\u00e9 M\u00fccke - Coach vocale\",\"description\":\"Coach Vocale - Pour une voix libre et authentique\",\"publisher\":{\"@id\":\"https:\\\/\\\/chloe-muecke.ch\\\/#organization\"},\"potentialAction\":[{\"@type\":\"SearchAction\",\"target\":{\"@type\":\"EntryPoint\",\"urlTemplate\":\"https:\\\/\\\/chloe-muecke.ch\\\/?s={search_term_string}\"},\"query-input\":{\"@type\":\"PropertyValueSpecification\",\"valueRequired\":true,\"valueName\":\"search_term_string\"}}],\"inLanguage\":\"de\"},{\"@type\":\"Organization\",\"@id\":\"https:\\\/\\\/chloe-muecke.ch\\\/#organization\",\"name\":\"Chlo\u00e9 M\u00fccke\",\"url\":\"https:\\\/\\\/chloe-muecke.ch\\\/\",\"logo\":{\"@type\":\"ImageObject\",\"inLanguage\":\"de\",\"@id\":\"https:\\\/\\\/chloe-muecke.ch\\\/#\\\/schema\\\/logo\\\/image\\\/\",\"url\":\"https:\\\/\\\/chloe-muecke.ch\\\/wp-content\\\/uploads\\\/2022\\\/01\\\/cropped-logo_png.png\",\"contentUrl\":\"https:\\\/\\\/chloe-muecke.ch\\\/wp-content\\\/uploads\\\/2022\\\/01\\\/cropped-logo_png.png\",\"width\":512,\"height\":512,\"caption\":\"Chlo\u00e9 M\u00fccke\"},\"image\":{\"@id\":\"https:\\\/\\\/chloe-muecke.ch\\\/#\\\/schema\\\/logo\\\/image\\\/\"},\"sameAs\":[\"https:\\\/\\\/www.facebook.com\\\/ChloeMueckeCoachVocale\"]}]}<\/script>\n<!-- \/ Yoast SEO plugin. -->","yoast_head_json":{"title":"Chlo\u00e9 M\u00fccke - Chlo\u00e9 M\u00fccke - Coach vocale","description":"coach vocale depuis 2021, form\u00e9e au centre Voice Global Coaching, \u00e0 Paris. Com\u00e9dienne dipl\u00f4m\u00e9e de l'acad\u00e9mie de th\u00e9\u00e2tre Dimitri, depuis 2012.","robots":{"index":"index","follow":"follow","max-snippet":"max-snippet:-1","max-image-preview":"max-image-preview:large","max-video-preview":"max-video-preview:-1"},"canonical":"https:\/\/chloe-muecke.ch\/de\/chloe-mucke\/","og_locale":"de_DE","og_type":"article","og_title":"Chlo\u00e9 M\u00fccke - Chlo\u00e9 M\u00fccke - Coach vocale","og_description":"coach vocale depuis 2021, form\u00e9e au centre Voice Global Coaching, \u00e0 Paris. Com\u00e9dienne dipl\u00f4m\u00e9e de l'acad\u00e9mie de th\u00e9\u00e2tre Dimitri, depuis 2012.","og_url":"https:\/\/chloe-muecke.ch\/de\/chloe-mucke\/","og_site_name":"Chlo\u00e9 M\u00fccke - Coach vocale","article_publisher":"https:\/\/www.facebook.com\/ChloeMueckeCoachVocale","article_modified_time":"2022-06-13T21:15:25+00:00","twitter_card":"summary_large_image","twitter_misc":{"Gesch\u00e4tzte Lesezeit":"3\u00a0Minuten"},"schema":{"@context":"https:\/\/schema.org","@graph":[{"@type":"WebPage","@id":"https:\/\/chloe-muecke.ch\/de\/chloe-mucke\/","url":"https:\/\/chloe-muecke.ch\/de\/chloe-mucke\/","name":"Chlo\u00e9 M\u00fccke - Chlo\u00e9 M\u00fccke - Coach vocale","isPartOf":{"@id":"https:\/\/chloe-muecke.ch\/#website"},"datePublished":"2022-01-28T10:43:02+00:00","dateModified":"2022-06-13T21:15:25+00:00","description":"coach vocale depuis 2021, form\u00e9e au centre Voice Global Coaching, \u00e0 Paris. Com\u00e9dienne dipl\u00f4m\u00e9e de l'acad\u00e9mie de th\u00e9\u00e2tre Dimitri, depuis 2012.","breadcrumb":{"@id":"https:\/\/chloe-muecke.ch\/de\/chloe-mucke\/#breadcrumb"},"inLanguage":"de","potentialAction":[{"@type":"ReadAction","target":["https:\/\/chloe-muecke.ch\/de\/chloe-mucke\/"]}]},{"@type":"BreadcrumbList","@id":"https:\/\/chloe-muecke.ch\/de\/chloe-mucke\/#breadcrumb","itemListElement":[{"@type":"ListItem","position":1,"name":"Accueil","item":"https:\/\/chloe-muecke.ch\/de\/"},{"@type":"ListItem","position":2,"name":"Chlo\u00e9 M\u00fccke"}]},{"@type":"WebSite","@id":"https:\/\/chloe-muecke.ch\/#website","url":"https:\/\/chloe-muecke.ch\/","name":"Chlo\u00e9 M\u00fccke - Coach vocale","description":"Coach Vocale - Pour une voix libre et authentique","publisher":{"@id":"https:\/\/chloe-muecke.ch\/#organization"},"potentialAction":[{"@type":"SearchAction","target":{"@type":"EntryPoint","urlTemplate":"https:\/\/chloe-muecke.ch\/?s={search_term_string}"},"query-input":{"@type":"PropertyValueSpecification","valueRequired":true,"valueName":"search_term_string"}}],"inLanguage":"de"},{"@type":"Organization","@id":"https:\/\/chloe-muecke.ch\/#organization","name":"Chlo\u00e9 M\u00fccke","url":"https:\/\/chloe-muecke.ch\/","logo":{"@type":"ImageObject","inLanguage":"de","@id":"https:\/\/chloe-muecke.ch\/#\/schema\/logo\/image\/","url":"https:\/\/chloe-muecke.ch\/wp-content\/uploads\/2022\/01\/cropped-logo_png.png","contentUrl":"https:\/\/chloe-muecke.ch\/wp-content\/uploads\/2022\/01\/cropped-logo_png.png","width":512,"height":512,"caption":"Chlo\u00e9 M\u00fccke"},"image":{"@id":"https:\/\/chloe-muecke.ch\/#\/schema\/logo\/image\/"},"sameAs":["https:\/\/www.facebook.com\/ChloeMueckeCoachVocale"]}]}},"_links":{"self":[{"href":"https:\/\/chloe-muecke.ch\/de\/wp-json\/wp\/v2\/pages\/29640","targetHints":{"allow":["GET"]}}],"collection":[{"href":"https:\/\/chloe-muecke.ch\/de\/wp-json\/wp\/v2\/pages"}],"about":[{"href":"https:\/\/chloe-muecke.ch\/de\/wp-json\/wp\/v2\/types\/page"}],"author":[{"embeddable":true,"href":"https:\/\/chloe-muecke.ch\/de\/wp-json\/wp\/v2\/users\/1"}],"replies":[{"embeddable":true,"href":"https:\/\/chloe-muecke.ch\/de\/wp-json\/wp\/v2\/comments?post=29640"}],"version-history":[{"count":2,"href":"https:\/\/chloe-muecke.ch\/de\/wp-json\/wp\/v2\/pages\/29640\/revisions"}],"predecessor-version":[{"id":29723,"href":"https:\/\/chloe-muecke.ch\/de\/wp-json\/wp\/v2\/pages\/29640\/revisions\/29723"}],"wp:attachment":[{"href":"https:\/\/chloe-muecke.ch\/de\/wp-json\/wp\/v2\/media?parent=29640"}],"curies":[{"name":"wp","href":"https:\/\/api.w.org\/{rel}","templated":true}]}}