{"id":29641,"date":"2022-01-28T12:13:46","date_gmt":"2022-01-28T11:13:46","guid":{"rendered":"https:\/\/chloe-muecke.ch\/infos\/"},"modified":"2025-03-03T09:02:10","modified_gmt":"2025-03-03T08:02:10","slug":"infos","status":"publish","type":"page","link":"https:\/\/chloe-muecke.ch\/de\/infos\/","title":{"rendered":"Infos"},"content":{"rendered":"<p>[et_pb_section fb_built=&#8220;1&#8243; admin_label=&#8220;Hero Section&#8220; _builder_version=&#8220;4.16&#8243; background_color_gradient_direction=&#8220;105deg&#8220; background_color_gradient_start=&#8220;#1bb3eb&#8220; background_color_gradient_end=&#8220;#25efcb&#8220; custom_padding=&#8220;0px|0px|0px|0px|false|false&#8220; global_colors_info=&#8220;{}&#8220;][et_pb_row _builder_version=&#8220;4.16&#8243; background_size=&#8220;initial&#8220; background_position=&#8220;top_left&#8220; background_repeat=&#8220;repeat&#8220; global_colors_info=&#8220;{}&#8220;][et_pb_column type=&#8220;4_4&#8243; _builder_version=&#8220;4.16&#8243; custom_padding=&#8220;|||&#8220; global_colors_info=&#8220;{}&#8220; custom_padding__hover=&#8220;|||&#8220;][et_pb_text _builder_version=&#8220;4.17.4&#8243; text_font=&#8220;Abel||||||||&#8220; text_text_color=&#8220;#000000&#8243; text_font_size=&#8220;18px&#8220; text_line_height=&#8220;1.8em&#8220; header_font=&#8220;Abel|600|||||||&#8220; header_text_color=&#8220;#474747&#8243; header_font_size=&#8220;40px&#8220; header_3_font=&#8220;Poppins|600|||||||&#8220; header_3_font_size=&#8220;36px&#8220; header_3_line_height=&#8220;1.4em&#8220; background_layout=&#8220;dark&#8220; max_width=&#8220;600px&#8220; module_alignment=&#8220;left&#8220; custom_margin=&#8220;0px||||false|false&#8220; custom_padding=&#8220;0px||0px||false|false&#8220; text_font_size_tablet=&#8220;&#8220; text_font_size_phone=&#8220;&#8220; text_font_size_last_edited=&#8220;on|desktop&#8220; header_text_align_tablet=&#8220;&#8220; header_text_align_phone=&#8220;center&#8220; header_text_align_last_edited=&#8220;on|phone&#8220; header_font_size_tablet=&#8220;&#8220; header_font_size_phone=&#8220;24px&#8220; header_font_size_last_edited=&#8220;on|desktop&#8220; locked=&#8220;off&#8220; global_colors_info=&#8220;{}&#8220;]<\/p>\n<h1>Infos und Preise<\/h1>\n<p>[\/et_pb_text][\/et_pb_column][\/et_pb_row][\/et_pb_section][et_pb_section fb_built=&#8220;1&#8243; _builder_version=&#8220;4.16&#8243; _module_preset=&#8220;default&#8220; custom_padding=&#8220;0px||0px|||&#8220; global_colors_info=&#8220;{}&#8220;][et_pb_row column_structure=&#8220;2_5,3_5&#8243; _builder_version=&#8220;4.16&#8243; _module_preset=&#8220;default&#8220; global_colors_info=&#8220;{}&#8220;][et_pb_column type=&#8220;2_5&#8243; _builder_version=&#8220;4.16&#8243; _module_preset=&#8220;default&#8220; global_colors_info=&#8220;{}&#8220;][et_pb_pricing_tables _builder_version=&#8220;4.25.0&#8243; _module_preset=&#8220;default&#8220; global_colors_info=&#8220;{}&#8220;][et_pb_pricing_table title=&#8220;Preise individuelles Coaching *&#8220; subtitle=&#8220;gesprochene Stimme und Gesang&#8220; per=&#8220;Stunde&#8220; sum=&#8220;85chf&#8220; _builder_version=&#8220;4.25.0&#8243; _module_preset=&#8220;default&#8220; price_font_size=&#8220;40px&#8220; header_font_size_tablet=&#8220;22px&#8220; header_font_size_phone=&#8220;22px&#8220; header_font_size_last_edited=&#8220;on|phone&#8220; price_font_size_tablet=&#8220;40px&#8220; price_font_size_phone=&#8220;30px&#8220; price_font_size_last_edited=&#8220;on|phone&#8220; global_colors_info=&#8220;{}&#8220; sticky_transition=&#8220;on&#8220;]<\/p>\n<p>Die Regelm\u00e4\u00dfigkeit der Kurse richtet sich nach euren W\u00fcnschen und eurer Verf\u00fcgbarkeit<\/p>\n<p>[\/et_pb_pricing_table][\/et_pb_pricing_tables][\/et_pb_column][et_pb_column type=&#8220;3_5&#8243; _builder_version=&#8220;4.16&#8243; _module_preset=&#8220;default&#8220; global_colors_info=&#8220;{}&#8220;][et_pb_pricing_tables _builder_version=&#8220;4.25.0&#8243; _module_preset=&#8220;default&#8220; header_font_size=&#8220;22px&#8220; global_colors_info=&#8220;{}&#8220;][et_pb_pricing_table title=&#8220;Preis Abonnement *&#8220; subtitle=&#8220;Erwachsene&#8220; per=&#8220;Abonnement&#8220; sum=&#8220;800chf&#8220; _builder_version=&#8220;4.25.0&#8243; _module_preset=&#8220;default&#8220; price_font_size=&#8220;40px&#8220; currency_frequency_letter_spacing=&#8220;0px&#8220; price_font_size_tablet=&#8220;40px&#8220; price_font_size_phone=&#8220;30px&#8220; price_font_size_last_edited=&#8220;on|phone&#8220; global_colors_info=&#8220;{}&#8220; sticky_transition=&#8220;on&#8220;]<\/p>\n<p>Abonnement f\u00fcr 10 Kurse, zu verl\u00e4ngern<\/p>\n<p>Zu Beginn des Abonnements zu bezahlen<\/p>\n<p>Innerhalb von 10 Monaten zu verwenden<\/p>\n<p>10 mal 1 Stunde Unterricht<\/p>\n<p>[\/et_pb_pricing_table][et_pb_pricing_table title=&#8220;Preis Abonnement erm\u00e4\u00dfigt *&#8220; subtitle=&#8220;Kinder\/ Teenager\/ Student\/ IV\/ Arbeitslosigkeit&#8220; per=&#8220;Abonnement&#8220; sum=&#8220;600chf&#8220; _builder_version=&#8220;4.25.0&#8243; _module_preset=&#8220;default&#8220; price_font_size=&#8220;40px&#8220; price_font_size_tablet=&#8220;40px&#8220; price_font_size_phone=&#8220;30px&#8220; price_font_size_last_edited=&#8220;on|phone&#8220; global_colors_info=&#8220;{}&#8220; sticky_transition=&#8220;on&#8220;]<\/p>\n<p>Abonnement f\u00fcr 10 Kurse, zu verl\u00e4ngern<\/p>\n<p>Zu Beginn des Abonnements zu bezahlen<\/p>\n<p>Innerhalb von 10 Monaten zu verwenden<\/p>\n<p>10 Unterrichtsstunden zu 45 Minuten \u00a0 \u00a0 (nur f\u00fcr Kinder und Teenager)<\/p>\n<p>10 mal 1 Stunde Unterricht<\/p>\n<p>[\/et_pb_pricing_table][\/et_pb_pricing_tables][\/et_pb_column][\/et_pb_row][\/et_pb_section][et_pb_section fb_built=&#8220;1&#8243; _builder_version=&#8220;4.21.0&#8243; _module_preset=&#8220;default&#8220; global_colors_info=&#8220;{}&#8220;][et_pb_row _builder_version=&#8220;4.21.0&#8243; _module_preset=&#8220;default&#8220; global_colors_info=&#8220;{}&#8220;][et_pb_column type=&#8220;4_4&#8243; _builder_version=&#8220;4.21.0&#8243; _module_preset=&#8220;default&#8220; global_colors_info=&#8220;{}&#8220;][et_pb_text _builder_version=&#8220;4.25.0&#8243; _module_preset=&#8220;default&#8220; global_colors_info=&#8220;{}&#8220;]<\/p>\n<p>* Dies sind die Preise f\u00fcr die Coachings in der Stadt Freiburg. Die Preise f\u00fcr die Sitzungen in Bern sind h\u00f6her, was auf die Marktpreise und die Tarife des &#8222;Vokal Lokal&#8220; zur\u00fcckzuf\u00fchren ist.<\/p>\n<p style=\"text-align: center;\"><strong><a href=\"https:\/\/vokal-lokal.ch\/?page_id=695\"><span style=\"color: #00ccff;\">Zu den Preisen in Bern<\/span><\/a><\/strong><\/p>\n<p>[\/et_pb_text][\/et_pb_column][\/et_pb_row][\/et_pb_section][et_pb_section fb_built=&#8220;1&#8243; _builder_version=&#8220;4.16&#8243; _module_preset=&#8220;default&#8220; background_color=&#8220;#e5dace&#8220; custom_padding=&#8220;0px||0px|||&#8220; global_colors_info=&#8220;{}&#8220;][et_pb_row _builder_version=&#8220;4.16&#8243; _module_preset=&#8220;default&#8220; background_color=&#8220;RGBA(255,255,255,0)&#8220; global_colors_info=&#8220;{}&#8220;][et_pb_column type=&#8220;4_4&#8243; _builder_version=&#8220;4.16&#8243; _module_preset=&#8220;default&#8220; global_colors_info=&#8220;{}&#8220;][et_pb_text _builder_version=&#8220;4.27.4&#8243; _module_preset=&#8220;default&#8220; text_font=&#8220;Abel||||||||&#8220; text_text_color=&#8220;#000000&#8243; text_font_size=&#8220;28px&#8220; text_line_height=&#8220;1.5em&#8220; ul_font=&#8220;Allerta||||||||&#8220; background_color=&#8220;RGBA(255,255,255,0)&#8220; text_orientation=&#8220;justified&#8220; hover_enabled=&#8220;0&#8243; text_font_size_tablet=&#8220;28px&#8220; text_font_size_phone=&#8220;22px&#8220; text_font_size_last_edited=&#8220;on|phone&#8220; text_orientation_phone=&#8220;center&#8220; text_orientation_last_edited=&#8220;off|phone&#8220; global_colors_info=&#8220;{}&#8220; sticky_enabled=&#8220;0&#8243;]<\/p>\n<p style=\"margin-bottom: 0cm;\">Kostenlose Stornierung einer Sitzung bis zu 24 Stunden im Voraus.<\/p>\n<p style=\"margin-bottom: 0cm;\">Ich unterrichte und coache sowohl auf Deutsch, als auch auf Franz\u00f6sisch oder Italienisch.<\/p>\n<p style=\"margin-bottom: 0cm;\">Die Kurse sind in den St\u00e4dten Bern (Montag und Dienstag) und Freiburg (Freitag) <strong>sowie online auf Zoom m\u00f6glich.<\/strong><\/p>\n<p>[\/et_pb_text][\/et_pb_column][\/et_pb_row][\/et_pb_section][et_pb_section fb_built=&#8220;1&#8243; _builder_version=&#8220;4.16&#8243; _module_preset=&#8220;default&#8220; background_color=&#8220;#FFFFFF&#8220; global_colors_info=&#8220;{}&#8220;][\/et_pb_section]<\/p>\n","protected":false},"excerpt":{"rendered":"<p>Infos und PreiseDie Regelm\u00e4\u00dfigkeit der Kurse richtet sich nach euren W\u00fcnschen und eurer Verf\u00fcgbarkeitAbonnement f\u00fcr 10 Kurse, zu verl\u00e4ngern Zu Beginn des Abonnements zu bezahlen Innerhalb von 10 Monaten zu verwenden 10 mal 1 Stunde UnterrichtAbonnement f\u00fcr 10 Kurse, zu verl\u00e4ngern Zu Beginn des Abonnements zu bezahlen Innerhalb von 10 Monaten zu verwenden 10 Unterrichtsstunden [&hellip;]<\/p>\n","protected":false},"author":1,"featured_media":0,"parent":0,"menu_order":0,"comment_status":"closed","ping_status":"closed","template":"","meta":{"_et_pb_use_builder":"on","_et_pb_old_content":"","_et_gb_content_width":"","footnotes":""},"class_list":["post-29641","page","type-page","status-publish","hentry"],"yoast_head":"<!-- This site is optimized with the Yoast SEO plugin v27.4 - https:\/\/yoast.com\/product\/yoast-seo-wordpress\/ -->\n<title>Infos - Chlo\u00e9 M\u00fccke - Coach vocale<\/title>\n<meta name=\"description\" content=\"Individuelles Coaching 60.- Ich unterrichte auf Deutsch, Franz\u00f6sisch und Italienisch In Freiburg, Bern oder online\" \/>\n<meta name=\"robots\" content=\"index, follow, max-snippet:-1, max-image-preview:large, max-video-preview:-1\" \/>\n<link rel=\"canonical\" href=\"https:\/\/chloe-muecke.ch\/de\/infos\/\" \/>\n<meta property=\"og:locale\" content=\"de_DE\" \/>\n<meta property=\"og:type\" content=\"article\" \/>\n<meta property=\"og:title\" content=\"Infos - Chlo\u00e9 M\u00fccke - Coach vocale\" \/>\n<meta property=\"og:description\" content=\"Individuelles Coaching 60.- Ich unterrichte auf Deutsch, Franz\u00f6sisch und Italienisch In Freiburg, Bern oder online\" \/>\n<meta property=\"og:url\" content=\"https:\/\/chloe-muecke.ch\/de\/infos\/\" \/>\n<meta property=\"og:site_name\" content=\"Chlo\u00e9 M\u00fccke - Coach vocale\" \/>\n<meta property=\"article:publisher\" content=\"https:\/\/www.facebook.com\/ChloeMueckeCoachVocale\" \/>\n<meta property=\"article:modified_time\" content=\"2025-03-03T08:02:10+00:00\" \/>\n<meta name=\"twitter:card\" content=\"summary_large_image\" \/>\n<meta name=\"twitter:label1\" content=\"Gesch\u00e4tzte Lesezeit\" \/>\n\t<meta name=\"twitter:data1\" content=\"4\u00a0Minuten\" \/>\n<script type=\"application\/ld+json\" class=\"yoast-schema-graph\">{\"@context\":\"https:\\\/\\\/schema.org\",\"@graph\":[{\"@type\":\"WebPage\",\"@id\":\"https:\\\/\\\/chloe-muecke.ch\\\/de\\\/infos\\\/\",\"url\":\"https:\\\/\\\/chloe-muecke.ch\\\/de\\\/infos\\\/\",\"name\":\"Infos - Chlo\u00e9 M\u00fccke - Coach vocale\",\"isPartOf\":{\"@id\":\"https:\\\/\\\/chloe-muecke.ch\\\/#website\"},\"datePublished\":\"2022-01-28T11:13:46+00:00\",\"dateModified\":\"2025-03-03T08:02:10+00:00\",\"description\":\"Individuelles Coaching 60.- Ich unterrichte auf Deutsch, Franz\u00f6sisch und Italienisch In Freiburg, Bern oder online\",\"breadcrumb\":{\"@id\":\"https:\\\/\\\/chloe-muecke.ch\\\/de\\\/infos\\\/#breadcrumb\"},\"inLanguage\":\"de\",\"potentialAction\":[{\"@type\":\"ReadAction\",\"target\":[\"https:\\\/\\\/chloe-muecke.ch\\\/de\\\/infos\\\/\"]}]},{\"@type\":\"BreadcrumbList\",\"@id\":\"https:\\\/\\\/chloe-muecke.ch\\\/de\\\/infos\\\/#breadcrumb\",\"itemListElement\":[{\"@type\":\"ListItem\",\"position\":1,\"name\":\"Accueil\",\"item\":\"https:\\\/\\\/chloe-muecke.ch\\\/de\\\/\"},{\"@type\":\"ListItem\",\"position\":2,\"name\":\"Infos\"}]},{\"@type\":\"WebSite\",\"@id\":\"https:\\\/\\\/chloe-muecke.ch\\\/#website\",\"url\":\"https:\\\/\\\/chloe-muecke.ch\\\/\",\"name\":\"Chlo\u00e9 M\u00fccke - Coach vocale\",\"description\":\"Coach Vocale - Pour une voix libre et authentique\",\"publisher\":{\"@id\":\"https:\\\/\\\/chloe-muecke.ch\\\/#organization\"},\"potentialAction\":[{\"@type\":\"SearchAction\",\"target\":{\"@type\":\"EntryPoint\",\"urlTemplate\":\"https:\\\/\\\/chloe-muecke.ch\\\/?s={search_term_string}\"},\"query-input\":{\"@type\":\"PropertyValueSpecification\",\"valueRequired\":true,\"valueName\":\"search_term_string\"}}],\"inLanguage\":\"de\"},{\"@type\":\"Organization\",\"@id\":\"https:\\\/\\\/chloe-muecke.ch\\\/#organization\",\"name\":\"Chlo\u00e9 M\u00fccke\",\"url\":\"https:\\\/\\\/chloe-muecke.ch\\\/\",\"logo\":{\"@type\":\"ImageObject\",\"inLanguage\":\"de\",\"@id\":\"https:\\\/\\\/chloe-muecke.ch\\\/#\\\/schema\\\/logo\\\/image\\\/\",\"url\":\"https:\\\/\\\/chloe-muecke.ch\\\/wp-content\\\/uploads\\\/2022\\\/01\\\/cropped-logo_png.png\",\"contentUrl\":\"https:\\\/\\\/chloe-muecke.ch\\\/wp-content\\\/uploads\\\/2022\\\/01\\\/cropped-logo_png.png\",\"width\":512,\"height\":512,\"caption\":\"Chlo\u00e9 M\u00fccke\"},\"image\":{\"@id\":\"https:\\\/\\\/chloe-muecke.ch\\\/#\\\/schema\\\/logo\\\/image\\\/\"},\"sameAs\":[\"https:\\\/\\\/www.facebook.com\\\/ChloeMueckeCoachVocale\"]}]}<\/script>\n<!-- \/ Yoast SEO plugin. -->","yoast_head_json":{"title":"Infos - Chlo\u00e9 M\u00fccke - Coach vocale","description":"Individuelles Coaching 60.- Ich unterrichte auf Deutsch, Franz\u00f6sisch und Italienisch In Freiburg, Bern oder online","robots":{"index":"index","follow":"follow","max-snippet":"max-snippet:-1","max-image-preview":"max-image-preview:large","max-video-preview":"max-video-preview:-1"},"canonical":"https:\/\/chloe-muecke.ch\/de\/infos\/","og_locale":"de_DE","og_type":"article","og_title":"Infos - Chlo\u00e9 M\u00fccke - Coach vocale","og_description":"Individuelles Coaching 60.- Ich unterrichte auf Deutsch, Franz\u00f6sisch und Italienisch In Freiburg, Bern oder online","og_url":"https:\/\/chloe-muecke.ch\/de\/infos\/","og_site_name":"Chlo\u00e9 M\u00fccke - Coach vocale","article_publisher":"https:\/\/www.facebook.com\/ChloeMueckeCoachVocale","article_modified_time":"2025-03-03T08:02:10+00:00","twitter_card":"summary_large_image","twitter_misc":{"Gesch\u00e4tzte Lesezeit":"4\u00a0Minuten"},"schema":{"@context":"https:\/\/schema.org","@graph":[{"@type":"WebPage","@id":"https:\/\/chloe-muecke.ch\/de\/infos\/","url":"https:\/\/chloe-muecke.ch\/de\/infos\/","name":"Infos - Chlo\u00e9 M\u00fccke - Coach vocale","isPartOf":{"@id":"https:\/\/chloe-muecke.ch\/#website"},"datePublished":"2022-01-28T11:13:46+00:00","dateModified":"2025-03-03T08:02:10+00:00","description":"Individuelles Coaching 60.- Ich unterrichte auf Deutsch, Franz\u00f6sisch und Italienisch In Freiburg, Bern oder online","breadcrumb":{"@id":"https:\/\/chloe-muecke.ch\/de\/infos\/#breadcrumb"},"inLanguage":"de","potentialAction":[{"@type":"ReadAction","target":["https:\/\/chloe-muecke.ch\/de\/infos\/"]}]},{"@type":"BreadcrumbList","@id":"https:\/\/chloe-muecke.ch\/de\/infos\/#breadcrumb","itemListElement":[{"@type":"ListItem","position":1,"name":"Accueil","item":"https:\/\/chloe-muecke.ch\/de\/"},{"@type":"ListItem","position":2,"name":"Infos"}]},{"@type":"WebSite","@id":"https:\/\/chloe-muecke.ch\/#website","url":"https:\/\/chloe-muecke.ch\/","name":"Chlo\u00e9 M\u00fccke - Coach vocale","description":"Coach Vocale - Pour une voix libre et authentique","publisher":{"@id":"https:\/\/chloe-muecke.ch\/#organization"},"potentialAction":[{"@type":"SearchAction","target":{"@type":"EntryPoint","urlTemplate":"https:\/\/chloe-muecke.ch\/?s={search_term_string}"},"query-input":{"@type":"PropertyValueSpecification","valueRequired":true,"valueName":"search_term_string"}}],"inLanguage":"de"},{"@type":"Organization","@id":"https:\/\/chloe-muecke.ch\/#organization","name":"Chlo\u00e9 M\u00fccke","url":"https:\/\/chloe-muecke.ch\/","logo":{"@type":"ImageObject","inLanguage":"de","@id":"https:\/\/chloe-muecke.ch\/#\/schema\/logo\/image\/","url":"https:\/\/chloe-muecke.ch\/wp-content\/uploads\/2022\/01\/cropped-logo_png.png","contentUrl":"https:\/\/chloe-muecke.ch\/wp-content\/uploads\/2022\/01\/cropped-logo_png.png","width":512,"height":512,"caption":"Chlo\u00e9 M\u00fccke"},"image":{"@id":"https:\/\/chloe-muecke.ch\/#\/schema\/logo\/image\/"},"sameAs":["https:\/\/www.facebook.com\/ChloeMueckeCoachVocale"]}]}},"_links":{"self":[{"href":"https:\/\/chloe-muecke.ch\/de\/wp-json\/wp\/v2\/pages\/29641","targetHints":{"allow":["GET"]}}],"collection":[{"href":"https:\/\/chloe-muecke.ch\/de\/wp-json\/wp\/v2\/pages"}],"about":[{"href":"https:\/\/chloe-muecke.ch\/de\/wp-json\/wp\/v2\/types\/page"}],"author":[{"embeddable":true,"href":"https:\/\/chloe-muecke.ch\/de\/wp-json\/wp\/v2\/users\/1"}],"replies":[{"embeddable":true,"href":"https:\/\/chloe-muecke.ch\/de\/wp-json\/wp\/v2\/comments?post=29641"}],"version-history":[{"count":13,"href":"https:\/\/chloe-muecke.ch\/de\/wp-json\/wp\/v2\/pages\/29641\/revisions"}],"predecessor-version":[{"id":29877,"href":"https:\/\/chloe-muecke.ch\/de\/wp-json\/wp\/v2\/pages\/29641\/revisions\/29877"}],"wp:attachment":[{"href":"https:\/\/chloe-muecke.ch\/de\/wp-json\/wp\/v2\/media?parent=29641"}],"curies":[{"name":"wp","href":"https:\/\/api.w.org\/{rel}","templated":true}]}}