{"id":29643,"date":"2022-01-30T17:49:08","date_gmt":"2022-01-30T16:49:08","guid":{"rendered":"https:\/\/chloe-muecke.ch\/gesangskurse\/"},"modified":"2022-04-12T19:38:40","modified_gmt":"2022-04-12T17:38:40","slug":"gesangskurse","status":"publish","type":"page","link":"https:\/\/chloe-muecke.ch\/de\/gesangskurse\/","title":{"rendered":"Gesangskurse"},"content":{"rendered":"<p>[et_pb_section fb_built=&#8220;1&#8243; admin_label=&#8220;Hero Section&#8220; _builder_version=&#8220;4.16&#8243; background_color_gradient_direction=&#8220;105deg&#8220; background_color_gradient_start=&#8220;#1bb3eb&#8220; background_color_gradient_end=&#8220;#25efcb&#8220; custom_padding=&#8220;0px|0px|0px|0px|false|false&#8220; global_colors_info=&#8220;{}&#8220;][et_pb_row _builder_version=&#8220;4.16&#8243; background_size=&#8220;initial&#8220; background_position=&#8220;top_left&#8220; background_repeat=&#8220;repeat&#8220; global_colors_info=&#8220;{}&#8220;][et_pb_column type=&#8220;4_4&#8243; _builder_version=&#8220;4.16&#8243; custom_padding=&#8220;|||&#8220; global_colors_info=&#8220;{}&#8220; custom_padding__hover=&#8220;|||&#8220;][et_pb_text _builder_version=&#8220;4.16&#8243; text_font=&#8220;Abel||||||||&#8220; text_text_color=&#8220;#000000&#8243; text_font_size=&#8220;18px&#8220; text_line_height=&#8220;1.8em&#8220; header_font=&#8220;Abel|600|||||||&#8220; header_text_color=&#8220;#474747&#8243; header_font_size=&#8220;40px&#8220; header_3_font=&#8220;Poppins|600|||||||&#8220; header_3_font_size=&#8220;36px&#8220; header_3_line_height=&#8220;1.4em&#8220; background_layout=&#8220;dark&#8220; max_width=&#8220;600px&#8220; module_alignment=&#8220;left&#8220; custom_margin=&#8220;0px||||false|false&#8220; custom_padding=&#8220;0px||0px||false|false&#8220; text_font_size_tablet=&#8220;&#8220; text_font_size_phone=&#8220;&#8220; text_font_size_last_edited=&#8220;on|desktop&#8220; header_text_align_tablet=&#8220;&#8220; header_text_align_phone=&#8220;center&#8220; header_text_align_last_edited=&#8220;on|phone&#8220; header_font_size_tablet=&#8220;&#8220; header_font_size_phone=&#8220;24px&#8220; header_font_size_last_edited=&#8220;on|phone&#8220; locked=&#8220;off&#8220; global_colors_info=&#8220;{}&#8220;]<\/p>\n<h1>Gesangskurse<\/h1>\n<p>[\/et_pb_text][\/et_pb_column][\/et_pb_row][\/et_pb_section][et_pb_section fb_built=&#8220;1&#8243; _builder_version=&#8220;4.16&#8243; _module_preset=&#8220;default&#8220; custom_padding=&#8220;0px|||||&#8220; global_colors_info=&#8220;{}&#8220;][et_pb_row column_structure=&#8220;1_2,1_2&#8243; _builder_version=&#8220;4.16&#8243; _module_preset=&#8220;default&#8220; custom_padding=&#8220;||1px|||&#8220; global_colors_info=&#8220;{}&#8220;][et_pb_column type=&#8220;1_2&#8243; _builder_version=&#8220;4.16&#8243; _module_preset=&#8220;default&#8220; global_colors_info=&#8220;{}&#8220;][et_pb_cta title=&#8220;Erwachsene&#8220; _builder_version=&#8220;4.16&#8243; _module_preset=&#8220;default&#8220; body_font_size=&#8220;18px&#8220; background_enable_color=&#8220;off&#8220; custom_button=&#8220;on&#8220; button_text_color=&#8220;#000000&#8243; button_border_width=&#8220;2px&#8220; button_border_color=&#8220;#000000&#8243; background_layout=&#8220;light&#8220; custom_margin=&#8220;||-1px|||&#8220; custom_padding=&#8220;0px|0px|0px|0px||&#8220; header_font_size_tablet=&#8220;&#8220; header_font_size_phone=&#8220;22px&#8220; header_font_size_last_edited=&#8220;on|phone&#8220; body_font_size_tablet=&#8220;18px&#8220; body_font_size_phone=&#8220;16px&#8220; body_font_size_last_edited=&#8220;on|phone&#8220; global_colors_info=&#8220;{}&#8220;]<\/p>\n<p><img loading=\"lazy\" decoding=\"async\" src=\"https:\/\/chloe-muecke.ch\/wp-content\/uploads\/2022\/02\/IMG_2718-3-300x202.jpeg\" alt=\"\" class=\"wp-image-29368 alignnone size-medium\" width=\"300\" height=\"202\"><\/p>\n<p><span>Singt ihr gerne? Habt ihr Lust, euch weiterzuentwickeln und zu lernen, euch selbst durch diese Disziplin ein wenig besser kennenzulernen, und das regelm\u00e4\u00dfig jede Woche? Dann ist dieser Kurs genau das Richtige f\u00fcr euch!<\/span><\/p>\n<p>[\/et_pb_cta][et_pb_button button_url=&#8220;https:\/\/chloe-muecke.ch\/de\/erwachsene\/&#8220; button_text=&#8220;Kurse Erwachsene&#8220; button_alignment=&#8220;center&#8220; _builder_version=&#8220;4.16&#8243; _module_preset=&#8220;default&#8220; global_colors_info=&#8220;{}&#8220;][\/et_pb_button][\/et_pb_column][et_pb_column type=&#8220;1_2&#8243; _builder_version=&#8220;4.16&#8243; _module_preset=&#8220;default&#8220; global_colors_info=&#8220;{}&#8220;][et_pb_cta title=&#8220;Kinder&#8220; _builder_version=&#8220;4.17.0&#8243; _module_preset=&#8220;default&#8220; body_font_size=&#8220;18px&#8220; background_enable_color=&#8220;off&#8220; custom_button=&#8220;on&#8220; button_text_color=&#8220;#000000&#8243; button_border_width=&#8220;2px&#8220; button_border_color=&#8220;#000000&#8243; background_layout=&#8220;light&#8220; custom_margin=&#8220;||-1px|||&#8220; custom_padding=&#8220;0px|0px|0px|0px||&#8220; header_font_size_tablet=&#8220;&#8220; header_font_size_phone=&#8220;22px&#8220; header_font_size_last_edited=&#8220;on|phone&#8220; body_font_size_tablet=&#8220;18px&#8220; body_font_size_phone=&#8220;16px&#8220; body_font_size_last_edited=&#8220;on|phone&#8220; global_colors_info=&#8220;{}&#8220;]<\/p>\n<p><img loading=\"lazy\" decoding=\"async\" src=\"https:\/\/chloe-muecke.ch\/wp-content\/uploads\/2022\/01\/IMG_2408_2-1-300x196.jpg\" alt=\"\" class=\"wp-image-29033 alignnone size-medium\" width=\"300\" height=\"196\" \/><\/p>\n<p><span>Singst du gerne? <\/span><span>M\u00f6chtest du Musik machen und deine Stimme ist das Instrument deiner Wahl? <\/span><span>Ich gratuliere dir und lade dich ein, das Singen mit mir zu entdecken.<\/span><span><\/span><span><\/span><\/p>\n<p><span><\/span><\/p>\n<p>[\/et_pb_cta][et_pb_button button_url=&#8220;https:\/\/chloe-muecke.ch\/de\/kinder\/&#8220; button_text=&#8220;Kurse Kinder&#8220; button_alignment=&#8220;center&#8220; _builder_version=&#8220;4.16&#8243; _module_preset=&#8220;default&#8220; global_colors_info=&#8220;{}&#8220;][\/et_pb_button][\/et_pb_column][\/et_pb_row][\/et_pb_section]<\/p>\n","protected":false},"excerpt":{"rendered":"<p>Gesangskurse Singt ihr gerne? Habt ihr Lust, euch weiterzuentwickeln und zu lernen, euch selbst durch diese Disziplin ein wenig besser kennenzulernen, und das regelm\u00e4\u00dfig jede Woche? Dann ist dieser Kurs genau das Richtige f\u00fcr euch! Singst du gerne? M\u00f6chtest du Musik machen und deine Stimme ist das Instrument deiner Wahl? Ich gratuliere dir und lade [&hellip;]<\/p>\n","protected":false},"author":1,"featured_media":0,"parent":0,"menu_order":0,"comment_status":"closed","ping_status":"closed","template":"","meta":{"_et_pb_use_builder":"on","_et_pb_old_content":"","_et_gb_content_width":"","footnotes":""},"class_list":["post-29643","page","type-page","status-publish","hentry"],"yoast_head":"<!-- This site is optimized with the Yoast SEO plugin v27.6 - https:\/\/yoast.com\/product\/yoast-seo-wordpress\/ -->\n<title>Gesangskurse - Chlo\u00e9 M\u00fccke - Coach vocale<\/title>\n<meta name=\"description\" content=\"Unterricht in Bern und Freiburg F\u00fcr alle Niveau Kinder ab 8 Jahre\" \/>\n<meta name=\"robots\" content=\"index, follow, max-snippet:-1, max-image-preview:large, max-video-preview:-1\" \/>\n<link rel=\"canonical\" href=\"https:\/\/chloe-muecke.ch\/de\/gesangskurse\/\" \/>\n<meta property=\"og:locale\" content=\"de_DE\" \/>\n<meta property=\"og:type\" content=\"article\" \/>\n<meta property=\"og:title\" content=\"Gesangskurse - Chlo\u00e9 M\u00fccke - Coach vocale\" \/>\n<meta property=\"og:description\" content=\"Unterricht in Bern und Freiburg F\u00fcr alle Niveau Kinder ab 8 Jahre\" \/>\n<meta property=\"og:url\" content=\"https:\/\/chloe-muecke.ch\/de\/gesangskurse\/\" \/>\n<meta property=\"og:site_name\" content=\"Chlo\u00e9 M\u00fccke - Coach vocale\" \/>\n<meta property=\"article:publisher\" content=\"https:\/\/www.facebook.com\/ChloeMueckeCoachVocale\" \/>\n<meta property=\"article:modified_time\" content=\"2022-04-12T17:38:40+00:00\" \/>\n<meta property=\"og:image\" content=\"https:\/\/chloe-muecke.ch\/wp-content\/uploads\/2022\/02\/IMG_2718-3-300x202.jpeg\" \/>\n<meta name=\"twitter:card\" content=\"summary_large_image\" \/>\n<meta name=\"twitter:label1\" content=\"Gesch\u00e4tzte Lesezeit\" \/>\n\t<meta name=\"twitter:data1\" content=\"3\u00a0Minuten\" \/>\n<script type=\"application\/ld+json\" class=\"yoast-schema-graph\">{\"@context\":\"https:\\\/\\\/schema.org\",\"@graph\":[{\"@type\":\"WebPage\",\"@id\":\"https:\\\/\\\/chloe-muecke.ch\\\/de\\\/gesangskurse\\\/\",\"url\":\"https:\\\/\\\/chloe-muecke.ch\\\/de\\\/gesangskurse\\\/\",\"name\":\"Gesangskurse - Chlo\u00e9 M\u00fccke - Coach vocale\",\"isPartOf\":{\"@id\":\"https:\\\/\\\/chloe-muecke.ch\\\/#website\"},\"primaryImageOfPage\":{\"@id\":\"https:\\\/\\\/chloe-muecke.ch\\\/de\\\/gesangskurse\\\/#primaryimage\"},\"image\":{\"@id\":\"https:\\\/\\\/chloe-muecke.ch\\\/de\\\/gesangskurse\\\/#primaryimage\"},\"thumbnailUrl\":\"https:\\\/\\\/chloe-muecke.ch\\\/wp-content\\\/uploads\\\/2022\\\/02\\\/IMG_2718-3-300x202.jpeg\",\"datePublished\":\"2022-01-30T16:49:08+00:00\",\"dateModified\":\"2022-04-12T17:38:40+00:00\",\"description\":\"Unterricht in Bern und Freiburg F\u00fcr alle Niveau Kinder ab 8 Jahre\",\"breadcrumb\":{\"@id\":\"https:\\\/\\\/chloe-muecke.ch\\\/de\\\/gesangskurse\\\/#breadcrumb\"},\"inLanguage\":\"de\",\"potentialAction\":[{\"@type\":\"ReadAction\",\"target\":[\"https:\\\/\\\/chloe-muecke.ch\\\/de\\\/gesangskurse\\\/\"]}]},{\"@type\":\"ImageObject\",\"inLanguage\":\"de\",\"@id\":\"https:\\\/\\\/chloe-muecke.ch\\\/de\\\/gesangskurse\\\/#primaryimage\",\"url\":\"https:\\\/\\\/chloe-muecke.ch\\\/wp-content\\\/uploads\\\/2022\\\/02\\\/IMG_2718-3-300x202.jpeg\",\"contentUrl\":\"https:\\\/\\\/chloe-muecke.ch\\\/wp-content\\\/uploads\\\/2022\\\/02\\\/IMG_2718-3-300x202.jpeg\"},{\"@type\":\"BreadcrumbList\",\"@id\":\"https:\\\/\\\/chloe-muecke.ch\\\/de\\\/gesangskurse\\\/#breadcrumb\",\"itemListElement\":[{\"@type\":\"ListItem\",\"position\":1,\"name\":\"Accueil\",\"item\":\"https:\\\/\\\/chloe-muecke.ch\\\/de\\\/\"},{\"@type\":\"ListItem\",\"position\":2,\"name\":\"Gesangskurse\"}]},{\"@type\":\"WebSite\",\"@id\":\"https:\\\/\\\/chloe-muecke.ch\\\/#website\",\"url\":\"https:\\\/\\\/chloe-muecke.ch\\\/\",\"name\":\"Chlo\u00e9 M\u00fccke - Coach vocale\",\"description\":\"Coach Vocale - Pour une voix libre et authentique\",\"publisher\":{\"@id\":\"https:\\\/\\\/chloe-muecke.ch\\\/#organization\"},\"potentialAction\":[{\"@type\":\"SearchAction\",\"target\":{\"@type\":\"EntryPoint\",\"urlTemplate\":\"https:\\\/\\\/chloe-muecke.ch\\\/?s={search_term_string}\"},\"query-input\":{\"@type\":\"PropertyValueSpecification\",\"valueRequired\":true,\"valueName\":\"search_term_string\"}}],\"inLanguage\":\"de\"},{\"@type\":\"Organization\",\"@id\":\"https:\\\/\\\/chloe-muecke.ch\\\/#organization\",\"name\":\"Chlo\u00e9 M\u00fccke\",\"url\":\"https:\\\/\\\/chloe-muecke.ch\\\/\",\"logo\":{\"@type\":\"ImageObject\",\"inLanguage\":\"de\",\"@id\":\"https:\\\/\\\/chloe-muecke.ch\\\/#\\\/schema\\\/logo\\\/image\\\/\",\"url\":\"https:\\\/\\\/chloe-muecke.ch\\\/wp-content\\\/uploads\\\/2022\\\/01\\\/cropped-logo_png.png\",\"contentUrl\":\"https:\\\/\\\/chloe-muecke.ch\\\/wp-content\\\/uploads\\\/2022\\\/01\\\/cropped-logo_png.png\",\"width\":512,\"height\":512,\"caption\":\"Chlo\u00e9 M\u00fccke\"},\"image\":{\"@id\":\"https:\\\/\\\/chloe-muecke.ch\\\/#\\\/schema\\\/logo\\\/image\\\/\"},\"sameAs\":[\"https:\\\/\\\/www.facebook.com\\\/ChloeMueckeCoachVocale\"]}]}<\/script>\n<!-- \/ Yoast SEO plugin. -->","yoast_head_json":{"title":"Gesangskurse - Chlo\u00e9 M\u00fccke - Coach vocale","description":"Unterricht in Bern und Freiburg F\u00fcr alle Niveau Kinder ab 8 Jahre","robots":{"index":"index","follow":"follow","max-snippet":"max-snippet:-1","max-image-preview":"max-image-preview:large","max-video-preview":"max-video-preview:-1"},"canonical":"https:\/\/chloe-muecke.ch\/de\/gesangskurse\/","og_locale":"de_DE","og_type":"article","og_title":"Gesangskurse - Chlo\u00e9 M\u00fccke - Coach vocale","og_description":"Unterricht in Bern und Freiburg F\u00fcr alle Niveau Kinder ab 8 Jahre","og_url":"https:\/\/chloe-muecke.ch\/de\/gesangskurse\/","og_site_name":"Chlo\u00e9 M\u00fccke - Coach vocale","article_publisher":"https:\/\/www.facebook.com\/ChloeMueckeCoachVocale","article_modified_time":"2022-04-12T17:38:40+00:00","og_image":[{"url":"https:\/\/chloe-muecke.ch\/wp-content\/uploads\/2022\/02\/IMG_2718-3-300x202.jpeg","type":"","width":"","height":""}],"twitter_card":"summary_large_image","twitter_misc":{"Gesch\u00e4tzte Lesezeit":"3\u00a0Minuten"},"schema":{"@context":"https:\/\/schema.org","@graph":[{"@type":"WebPage","@id":"https:\/\/chloe-muecke.ch\/de\/gesangskurse\/","url":"https:\/\/chloe-muecke.ch\/de\/gesangskurse\/","name":"Gesangskurse - Chlo\u00e9 M\u00fccke - Coach vocale","isPartOf":{"@id":"https:\/\/chloe-muecke.ch\/#website"},"primaryImageOfPage":{"@id":"https:\/\/chloe-muecke.ch\/de\/gesangskurse\/#primaryimage"},"image":{"@id":"https:\/\/chloe-muecke.ch\/de\/gesangskurse\/#primaryimage"},"thumbnailUrl":"https:\/\/chloe-muecke.ch\/wp-content\/uploads\/2022\/02\/IMG_2718-3-300x202.jpeg","datePublished":"2022-01-30T16:49:08+00:00","dateModified":"2022-04-12T17:38:40+00:00","description":"Unterricht in Bern und Freiburg F\u00fcr alle Niveau Kinder ab 8 Jahre","breadcrumb":{"@id":"https:\/\/chloe-muecke.ch\/de\/gesangskurse\/#breadcrumb"},"inLanguage":"de","potentialAction":[{"@type":"ReadAction","target":["https:\/\/chloe-muecke.ch\/de\/gesangskurse\/"]}]},{"@type":"ImageObject","inLanguage":"de","@id":"https:\/\/chloe-muecke.ch\/de\/gesangskurse\/#primaryimage","url":"https:\/\/chloe-muecke.ch\/wp-content\/uploads\/2022\/02\/IMG_2718-3-300x202.jpeg","contentUrl":"https:\/\/chloe-muecke.ch\/wp-content\/uploads\/2022\/02\/IMG_2718-3-300x202.jpeg"},{"@type":"BreadcrumbList","@id":"https:\/\/chloe-muecke.ch\/de\/gesangskurse\/#breadcrumb","itemListElement":[{"@type":"ListItem","position":1,"name":"Accueil","item":"https:\/\/chloe-muecke.ch\/de\/"},{"@type":"ListItem","position":2,"name":"Gesangskurse"}]},{"@type":"WebSite","@id":"https:\/\/chloe-muecke.ch\/#website","url":"https:\/\/chloe-muecke.ch\/","name":"Chlo\u00e9 M\u00fccke - Coach vocale","description":"Coach Vocale - Pour une voix libre et authentique","publisher":{"@id":"https:\/\/chloe-muecke.ch\/#organization"},"potentialAction":[{"@type":"SearchAction","target":{"@type":"EntryPoint","urlTemplate":"https:\/\/chloe-muecke.ch\/?s={search_term_string}"},"query-input":{"@type":"PropertyValueSpecification","valueRequired":true,"valueName":"search_term_string"}}],"inLanguage":"de"},{"@type":"Organization","@id":"https:\/\/chloe-muecke.ch\/#organization","name":"Chlo\u00e9 M\u00fccke","url":"https:\/\/chloe-muecke.ch\/","logo":{"@type":"ImageObject","inLanguage":"de","@id":"https:\/\/chloe-muecke.ch\/#\/schema\/logo\/image\/","url":"https:\/\/chloe-muecke.ch\/wp-content\/uploads\/2022\/01\/cropped-logo_png.png","contentUrl":"https:\/\/chloe-muecke.ch\/wp-content\/uploads\/2022\/01\/cropped-logo_png.png","width":512,"height":512,"caption":"Chlo\u00e9 M\u00fccke"},"image":{"@id":"https:\/\/chloe-muecke.ch\/#\/schema\/logo\/image\/"},"sameAs":["https:\/\/www.facebook.com\/ChloeMueckeCoachVocale"]}]}},"_links":{"self":[{"href":"https:\/\/chloe-muecke.ch\/de\/wp-json\/wp\/v2\/pages\/29643","targetHints":{"allow":["GET"]}}],"collection":[{"href":"https:\/\/chloe-muecke.ch\/de\/wp-json\/wp\/v2\/pages"}],"about":[{"href":"https:\/\/chloe-muecke.ch\/de\/wp-json\/wp\/v2\/types\/page"}],"author":[{"embeddable":true,"href":"https:\/\/chloe-muecke.ch\/de\/wp-json\/wp\/v2\/users\/1"}],"replies":[{"embeddable":true,"href":"https:\/\/chloe-muecke.ch\/de\/wp-json\/wp\/v2\/comments?post=29643"}],"version-history":[{"count":3,"href":"https:\/\/chloe-muecke.ch\/de\/wp-json\/wp\/v2\/pages\/29643\/revisions"}],"predecessor-version":[{"id":29714,"href":"https:\/\/chloe-muecke.ch\/de\/wp-json\/wp\/v2\/pages\/29643\/revisions\/29714"}],"wp:attachment":[{"href":"https:\/\/chloe-muecke.ch\/de\/wp-json\/wp\/v2\/media?parent=29643"}],"curies":[{"name":"wp","href":"https:\/\/api.w.org\/{rel}","templated":true}]}}