{"id":29646,"date":"2022-01-17T16:46:40","date_gmt":"2022-01-17T15:46:40","guid":{"rendered":"https:\/\/chloe-muecke.ch\/kinder\/"},"modified":"2022-06-13T23:25:49","modified_gmt":"2022-06-13T21:25:49","slug":"kinder","status":"publish","type":"page","link":"https:\/\/chloe-muecke.ch\/de\/kinder\/","title":{"rendered":"Kinder"},"content":{"rendered":"<p>[et_pb_section fb_built=&#8220;1&#8243; admin_label=&#8220;Hero Section&#8220; _builder_version=&#8220;4.16&#8243; background_color_gradient_direction=&#8220;105deg&#8220; background_color_gradient_start=&#8220;#1bb3eb&#8220; background_color_gradient_end=&#8220;#25efcb&#8220; custom_padding=&#8220;0px|0px|0px|0px|false|false&#8220; global_colors_info=&#8220;{}&#8220;][et_pb_row _builder_version=&#8220;4.16&#8243; background_size=&#8220;initial&#8220; background_position=&#8220;top_left&#8220; background_repeat=&#8220;repeat&#8220; global_colors_info=&#8220;{}&#8220;][et_pb_column type=&#8220;4_4&#8243; _builder_version=&#8220;4.16&#8243; custom_padding=&#8220;|||&#8220; global_colors_info=&#8220;{}&#8220; custom_padding__hover=&#8220;|||&#8220;][et_pb_text _builder_version=&#8220;4.16&#8243; text_font=&#8220;Abel||||||||&#8220; text_text_color=&#8220;#000000&#8243; text_font_size=&#8220;18px&#8220; text_line_height=&#8220;1.8em&#8220; header_font=&#8220;Abel|600|||||||&#8220; header_text_color=&#8220;#474747&#8243; header_font_size=&#8220;40px&#8220; header_3_font=&#8220;Poppins|600|||||||&#8220; header_3_font_size=&#8220;36px&#8220; header_3_line_height=&#8220;1.4em&#8220; background_layout=&#8220;dark&#8220; max_width=&#8220;600px&#8220; module_alignment=&#8220;left&#8220; custom_margin=&#8220;0px||||false|false&#8220; custom_padding=&#8220;0px||0px||false|false&#8220; text_font_size_tablet=&#8220;&#8220; text_font_size_phone=&#8220;&#8220; text_font_size_last_edited=&#8220;on|desktop&#8220; header_text_align_tablet=&#8220;&#8220; header_text_align_phone=&#8220;center&#8220; header_text_align_last_edited=&#8220;on|desktop&#8220; header_font_size_tablet=&#8220;&#8220; header_font_size_phone=&#8220;24px&#8220; header_font_size_last_edited=&#8220;on|phone&#8220; locked=&#8220;off&#8220; global_colors_info=&#8220;{}&#8220;]<\/p>\n<h1>Gesangskurse f\u00fcr Kinder<\/h1>\n<p>[\/et_pb_text][\/et_pb_column][\/et_pb_row][\/et_pb_section][et_pb_section fb_built=&#8220;1&#8243; _builder_version=&#8220;4.16&#8243; _module_preset=&#8220;default&#8220; background_color=&#8220;#e5dace&#8220; custom_padding=&#8220;0px||0px|||&#8220; global_colors_info=&#8220;{}&#8220;][et_pb_row _builder_version=&#8220;4.16&#8243; _module_preset=&#8220;default&#8220; background_color=&#8220;RGBA(255,255,255,0)&#8220; global_colors_info=&#8220;{}&#8220;][et_pb_column type=&#8220;4_4&#8243; _builder_version=&#8220;4.16&#8243; _module_preset=&#8220;default&#8220; global_colors_info=&#8220;{}&#8220;][et_pb_text _builder_version=&#8220;4.17.0&#8243; _module_preset=&#8220;default&#8220; text_font=&#8220;Abel||||||||&#8220; text_text_color=&#8220;#000000&#8243; text_font_size=&#8220;28px&#8220; text_line_height=&#8220;1.5em&#8220; ul_font=&#8220;Allerta||||||||&#8220; background_color=&#8220;RGBA(255,255,255,0)&#8220; text_orientation=&#8220;justified&#8220; text_font_size_tablet=&#8220;28px&#8220; text_font_size_phone=&#8220;22px&#8220; text_font_size_last_edited=&#8220;on|phone&#8220; text_orientation_phone=&#8220;center&#8220; text_orientation_last_edited=&#8220;off|phone&#8220; global_colors_info=&#8220;{}&#8220;]<\/p>\n<p style=\"margin-bottom: 0cm;\">Es gibt viele gute Gr\u00fcnde zu singen! Zum eigenen Vergn\u00fcgen, um sich selbst etwas Gutes zu tun, f\u00fcr ein kleines Publikum, ein gro\u00dfes Publikum, um auszudr\u00fccken, was einem am Herzen liegt, zu therapeutischen Zwecken oder aus dem einfachen Grund, dass man sich beim Singen lebendig f\u00fchlt! Ja, alle Mittel sind gut!<\/p>\n<p>[\/et_pb_text][\/et_pb_column][\/et_pb_row][\/et_pb_section][et_pb_section fb_built=&#8220;1&#8243; _builder_version=&#8220;4.16&#8243; _module_preset=&#8220;default&#8220; custom_padding=&#8220;0px||0px|||&#8220; global_colors_info=&#8220;{}&#8220;][et_pb_row column_structure=&#8220;2_5,3_5&#8243; _builder_version=&#8220;4.16&#8243; _module_preset=&#8220;default&#8220; global_colors_info=&#8220;{}&#8220;][et_pb_column type=&#8220;2_5&#8243; _builder_version=&#8220;4.16&#8243; _module_preset=&#8220;default&#8220; global_colors_info=&#8220;{}&#8220;][et_pb_image src=&#8220;https:\/\/chloe-muecke.ch\/wp-content\/uploads\/2022\/01\/IMG_2321-1-scaled.jpeg&#8220; title_text=&#8220;IMG_2321&#8243; _builder_version=&#8220;4.16&#8243; _module_preset=&#8220;default&#8220; global_colors_info=&#8220;{}&#8220;][\/et_pb_image][\/et_pb_column][et_pb_column type=&#8220;3_5&#8243; _builder_version=&#8220;4.16&#8243; _module_preset=&#8220;default&#8220; global_colors_info=&#8220;{}&#8220;][et_pb_text _builder_version=&#8220;4.17.4&#8243; _module_preset=&#8220;default&#8220; text_font=&#8220;Abel||||||||&#8220; text_font_size=&#8220;20px&#8220; text_line_height=&#8220;1.5em&#8220; hover_enabled=&#8220;0&#8243; text_font_size_tablet=&#8220;20px&#8220; text_font_size_phone=&#8220;18px&#8220; text_font_size_last_edited=&#8220;on|phone&#8220; global_colors_info=&#8220;{}&#8220; sticky_enabled=&#8220;0&#8243;]<\/p>\n<p>Singst du gerne? M\u00f6chtest du Musik machen und deine Stimme ist das Instrument deiner Wahl?<\/p>\n<p>Ich gratuliere dir und lade dich ein, das Singen mit mir in einem Kurs zu entdecken, der es dir erm\u00f6glicht, deine Stimme zu erforschen, ihre Funktionsweise zu verstehen und sie in all ihren Aspekten frei existieren und vibrieren zu lassen.<\/p>\n<p>Komm, lass uns singen!<\/p>\n<p>[\/et_pb_text][\/et_pb_column][\/et_pb_row][\/et_pb_section][et_pb_section fb_built=&#8220;1&#8243; _builder_version=&#8220;4.16&#8243; _module_preset=&#8220;default&#8220; background_color=&#8220;#e5dace&#8220; custom_padding=&#8220;0px||0px|||&#8220; global_colors_info=&#8220;{}&#8220;][et_pb_row _builder_version=&#8220;4.16&#8243; _module_preset=&#8220;default&#8220; background_color=&#8220;RGBA(255,255,255,0)&#8220; global_colors_info=&#8220;{}&#8220;][et_pb_column type=&#8220;4_4&#8243; _builder_version=&#8220;4.16&#8243; _module_preset=&#8220;default&#8220; global_colors_info=&#8220;{}&#8220;][et_pb_text _builder_version=&#8220;4.17.4&#8243; _module_preset=&#8220;default&#8220; text_font=&#8220;Abel||||||||&#8220; text_text_color=&#8220;#000000&#8243; text_font_size=&#8220;28px&#8220; text_line_height=&#8220;1.5em&#8220; ul_font=&#8220;Allerta||||||||&#8220; background_color=&#8220;RGBA(255,255,255,0)&#8220; text_orientation=&#8220;justified&#8220; hover_enabled=&#8220;0&#8243; text_font_size_tablet=&#8220;28px&#8220; text_font_size_phone=&#8220;22px&#8220; text_font_size_last_edited=&#8220;on|phone&#8220; text_orientation_phone=&#8220;center&#8220; text_orientation_last_edited=&#8220;off|phone&#8220; global_colors_info=&#8220;{}&#8220; sticky_enabled=&#8220;0&#8243;]<\/p>\n<p style=\"margin-bottom: 0cm;\">W\u00f6chentlicher individueller Gesangsunterricht f\u00fcr Kinder ab 8 Jahren.\u00a0<a href=\"https:\/\/chloe-muecke.ch\/de\/kontakt\/\">Anmeldung und weitere Informationen hier.<\/a><\/p>\n<p>[\/et_pb_text][\/et_pb_column][\/et_pb_row][\/et_pb_section][et_pb_section fb_built=&#8220;1&#8243; _builder_version=&#8220;4.16&#8243; _module_preset=&#8220;default&#8220; custom_padding=&#8220;0px||0px|||&#8220; global_colors_info=&#8220;{}&#8220;][et_pb_row column_structure=&#8220;1_2,1_2&#8243; _builder_version=&#8220;4.16&#8243; _module_preset=&#8220;default&#8220; global_colors_info=&#8220;{}&#8220;][et_pb_column type=&#8220;1_2&#8243; _builder_version=&#8220;4.16&#8243; _module_preset=&#8220;default&#8220; global_colors_info=&#8220;{}&#8220;][et_pb_text _builder_version=&#8220;4.17.4&#8243; _module_preset=&#8220;default&#8220; text_font=&#8220;Abel||||||||&#8220; text_font_size=&#8220;20px&#8220; text_line_height=&#8220;1.5em&#8220; hover_enabled=&#8220;0&#8243; text_font_size_tablet=&#8220;20px&#8220; text_font_size_phone=&#8220;18px&#8220; text_font_size_last_edited=&#8220;on|phone&#8220; global_colors_info=&#8220;{}&#8220; sticky_enabled=&#8220;0&#8243;]<\/p>\n<p>Durch \u00dcbungen, Technik, Liedern, Kanons, Rhythmik, Improvisationen und Interpretation f\u00fchre ich jede\/n Sch\u00fcler\/in nach seinen Bed\u00fcrfnissen und Fortschritten, damit er\/ sie sich in der Gesamtheit seiner Stimme, seiner Vorstellungswelt und seiner Kreativit\u00e4t weiterentwickeln kann.<\/p>\n<p>[\/et_pb_text][\/et_pb_column][et_pb_column type=&#8220;1_2&#8243; _builder_version=&#8220;4.16&#8243; _module_preset=&#8220;default&#8220; global_colors_info=&#8220;{}&#8220;][et_pb_image src=&#8220;https:\/\/chloe-muecke.ch\/wp-content\/uploads\/2022\/01\/IMG_2362-1-scaled.jpeg&#8220; title_text=&#8220;IMG_2362&#8243; _builder_version=&#8220;4.16&#8243; _module_preset=&#8220;default&#8220; global_colors_info=&#8220;{}&#8220;][\/et_pb_image][\/et_pb_column][\/et_pb_row][\/et_pb_section][et_pb_section fb_built=&#8220;1&#8243; _builder_version=&#8220;4.16&#8243; _module_preset=&#8220;default&#8220; background_color=&#8220;#e5dace&#8220; custom_padding=&#8220;0px||0px|||&#8220; global_colors_info=&#8220;{}&#8220;][et_pb_row _builder_version=&#8220;4.16&#8243; _module_preset=&#8220;default&#8220; background_color=&#8220;RGBA(255,255,255,0)&#8220; global_colors_info=&#8220;{}&#8220;][et_pb_column type=&#8220;4_4&#8243; _builder_version=&#8220;4.16&#8243; _module_preset=&#8220;default&#8220; global_colors_info=&#8220;{}&#8220;][et_pb_button button_url=&#8220;https:\/\/chloe-muecke.ch\/de\/infos\/&#8220; button_text=&#8220;Zu den Preisen&#8220; button_alignment=&#8220;center&#8220; _builder_version=&#8220;4.16&#8243; _module_preset=&#8220;default&#8220; global_colors_info=&#8220;{}&#8220;][\/et_pb_button][\/et_pb_column][\/et_pb_row][\/et_pb_section]<\/p>\n","protected":false},"excerpt":{"rendered":"<p>Gesangskurse f\u00fcr KinderEs gibt viele gute Gr\u00fcnde zu singen! Zum eigenen Vergn\u00fcgen, um sich selbst etwas Gutes zu tun, f\u00fcr ein kleines Publikum, ein gro\u00dfes Publikum, um auszudr\u00fccken, was einem am Herzen liegt, zu therapeutischen Zwecken oder aus dem einfachen Grund, dass man sich beim Singen lebendig f\u00fchlt! Ja, alle Mittel sind gut!Singst du gerne? [&hellip;]<\/p>\n","protected":false},"author":1,"featured_media":0,"parent":0,"menu_order":0,"comment_status":"closed","ping_status":"closed","template":"","meta":{"_et_pb_use_builder":"on","_et_pb_old_content":"","_et_gb_content_width":"","footnotes":""},"class_list":["post-29646","page","type-page","status-publish","hentry"],"yoast_head":"<!-- This site is optimized with the Yoast SEO plugin v27.6 - https:\/\/yoast.com\/product\/yoast-seo-wordpress\/ -->\n<title>Kinder - Chlo\u00e9 M\u00fccke - Coach vocale Cours de chant enfant<\/title>\n<meta name=\"description\" content=\"Tu aimes chanter? Tu souhaites faire de la musique et ta voix est l&#039;instrument de ton choix? Je t&#039;invite \u00e0 venir d\u00e9couvrir le chant avec moi.\" \/>\n<meta name=\"robots\" content=\"index, follow, max-snippet:-1, max-image-preview:large, max-video-preview:-1\" \/>\n<link rel=\"canonical\" href=\"https:\/\/chloe-muecke.ch\/de\/kinder\/\" \/>\n<meta property=\"og:locale\" content=\"de_DE\" \/>\n<meta property=\"og:type\" content=\"article\" \/>\n<meta property=\"og:title\" content=\"Kinder - Chlo\u00e9 M\u00fccke - Coach vocale Cours de chant enfant\" \/>\n<meta property=\"og:description\" content=\"Tu aimes chanter? Tu souhaites faire de la musique et ta voix est l&#039;instrument de ton choix? Je t&#039;invite \u00e0 venir d\u00e9couvrir le chant avec moi.\" \/>\n<meta property=\"og:url\" content=\"https:\/\/chloe-muecke.ch\/de\/kinder\/\" \/>\n<meta property=\"og:site_name\" content=\"Chlo\u00e9 M\u00fccke - Coach vocale\" \/>\n<meta property=\"article:publisher\" content=\"https:\/\/www.facebook.com\/ChloeMueckeCoachVocale\" \/>\n<meta property=\"article:modified_time\" content=\"2022-06-13T21:25:49+00:00\" \/>\n<meta name=\"twitter:card\" content=\"summary_large_image\" \/>\n<meta name=\"twitter:label1\" content=\"Gesch\u00e4tzte Lesezeit\" \/>\n\t<meta name=\"twitter:data1\" content=\"5\u00a0Minuten\" \/>\n<script type=\"application\/ld+json\" class=\"yoast-schema-graph\">{\"@context\":\"https:\\\/\\\/schema.org\",\"@graph\":[{\"@type\":\"WebPage\",\"@id\":\"https:\\\/\\\/chloe-muecke.ch\\\/de\\\/kinder\\\/\",\"url\":\"https:\\\/\\\/chloe-muecke.ch\\\/de\\\/kinder\\\/\",\"name\":\"Kinder - Chlo\u00e9 M\u00fccke - Coach vocale Cours de chant enfant\",\"isPartOf\":{\"@id\":\"https:\\\/\\\/chloe-muecke.ch\\\/#website\"},\"datePublished\":\"2022-01-17T15:46:40+00:00\",\"dateModified\":\"2022-06-13T21:25:49+00:00\",\"description\":\"Tu aimes chanter? Tu souhaites faire de la musique et ta voix est l'instrument de ton choix? Je t'invite \u00e0 venir d\u00e9couvrir le chant avec moi.\",\"breadcrumb\":{\"@id\":\"https:\\\/\\\/chloe-muecke.ch\\\/de\\\/kinder\\\/#breadcrumb\"},\"inLanguage\":\"de\",\"potentialAction\":[{\"@type\":\"ReadAction\",\"target\":[\"https:\\\/\\\/chloe-muecke.ch\\\/de\\\/kinder\\\/\"]}]},{\"@type\":\"BreadcrumbList\",\"@id\":\"https:\\\/\\\/chloe-muecke.ch\\\/de\\\/kinder\\\/#breadcrumb\",\"itemListElement\":[{\"@type\":\"ListItem\",\"position\":1,\"name\":\"Accueil\",\"item\":\"https:\\\/\\\/chloe-muecke.ch\\\/de\\\/\"},{\"@type\":\"ListItem\",\"position\":2,\"name\":\"Kinder\"}]},{\"@type\":\"WebSite\",\"@id\":\"https:\\\/\\\/chloe-muecke.ch\\\/#website\",\"url\":\"https:\\\/\\\/chloe-muecke.ch\\\/\",\"name\":\"Chlo\u00e9 M\u00fccke - Coach vocale\",\"description\":\"Coach Vocale - Pour une voix libre et authentique\",\"publisher\":{\"@id\":\"https:\\\/\\\/chloe-muecke.ch\\\/#organization\"},\"potentialAction\":[{\"@type\":\"SearchAction\",\"target\":{\"@type\":\"EntryPoint\",\"urlTemplate\":\"https:\\\/\\\/chloe-muecke.ch\\\/?s={search_term_string}\"},\"query-input\":{\"@type\":\"PropertyValueSpecification\",\"valueRequired\":true,\"valueName\":\"search_term_string\"}}],\"inLanguage\":\"de\"},{\"@type\":\"Organization\",\"@id\":\"https:\\\/\\\/chloe-muecke.ch\\\/#organization\",\"name\":\"Chlo\u00e9 M\u00fccke\",\"url\":\"https:\\\/\\\/chloe-muecke.ch\\\/\",\"logo\":{\"@type\":\"ImageObject\",\"inLanguage\":\"de\",\"@id\":\"https:\\\/\\\/chloe-muecke.ch\\\/#\\\/schema\\\/logo\\\/image\\\/\",\"url\":\"https:\\\/\\\/chloe-muecke.ch\\\/wp-content\\\/uploads\\\/2022\\\/01\\\/cropped-logo_png.png\",\"contentUrl\":\"https:\\\/\\\/chloe-muecke.ch\\\/wp-content\\\/uploads\\\/2022\\\/01\\\/cropped-logo_png.png\",\"width\":512,\"height\":512,\"caption\":\"Chlo\u00e9 M\u00fccke\"},\"image\":{\"@id\":\"https:\\\/\\\/chloe-muecke.ch\\\/#\\\/schema\\\/logo\\\/image\\\/\"},\"sameAs\":[\"https:\\\/\\\/www.facebook.com\\\/ChloeMueckeCoachVocale\"]}]}<\/script>\n<!-- \/ Yoast SEO plugin. -->","yoast_head_json":{"title":"Kinder - Chlo\u00e9 M\u00fccke - Coach vocale Cours de chant enfant","description":"Tu aimes chanter? Tu souhaites faire de la musique et ta voix est l'instrument de ton choix? Je t'invite \u00e0 venir d\u00e9couvrir le chant avec moi.","robots":{"index":"index","follow":"follow","max-snippet":"max-snippet:-1","max-image-preview":"max-image-preview:large","max-video-preview":"max-video-preview:-1"},"canonical":"https:\/\/chloe-muecke.ch\/de\/kinder\/","og_locale":"de_DE","og_type":"article","og_title":"Kinder - Chlo\u00e9 M\u00fccke - Coach vocale Cours de chant enfant","og_description":"Tu aimes chanter? Tu souhaites faire de la musique et ta voix est l'instrument de ton choix? Je t'invite \u00e0 venir d\u00e9couvrir le chant avec moi.","og_url":"https:\/\/chloe-muecke.ch\/de\/kinder\/","og_site_name":"Chlo\u00e9 M\u00fccke - Coach vocale","article_publisher":"https:\/\/www.facebook.com\/ChloeMueckeCoachVocale","article_modified_time":"2022-06-13T21:25:49+00:00","twitter_card":"summary_large_image","twitter_misc":{"Gesch\u00e4tzte Lesezeit":"5\u00a0Minuten"},"schema":{"@context":"https:\/\/schema.org","@graph":[{"@type":"WebPage","@id":"https:\/\/chloe-muecke.ch\/de\/kinder\/","url":"https:\/\/chloe-muecke.ch\/de\/kinder\/","name":"Kinder - Chlo\u00e9 M\u00fccke - Coach vocale Cours de chant enfant","isPartOf":{"@id":"https:\/\/chloe-muecke.ch\/#website"},"datePublished":"2022-01-17T15:46:40+00:00","dateModified":"2022-06-13T21:25:49+00:00","description":"Tu aimes chanter? Tu souhaites faire de la musique et ta voix est l'instrument de ton choix? Je t'invite \u00e0 venir d\u00e9couvrir le chant avec moi.","breadcrumb":{"@id":"https:\/\/chloe-muecke.ch\/de\/kinder\/#breadcrumb"},"inLanguage":"de","potentialAction":[{"@type":"ReadAction","target":["https:\/\/chloe-muecke.ch\/de\/kinder\/"]}]},{"@type":"BreadcrumbList","@id":"https:\/\/chloe-muecke.ch\/de\/kinder\/#breadcrumb","itemListElement":[{"@type":"ListItem","position":1,"name":"Accueil","item":"https:\/\/chloe-muecke.ch\/de\/"},{"@type":"ListItem","position":2,"name":"Kinder"}]},{"@type":"WebSite","@id":"https:\/\/chloe-muecke.ch\/#website","url":"https:\/\/chloe-muecke.ch\/","name":"Chlo\u00e9 M\u00fccke - Coach vocale","description":"Coach Vocale - Pour une voix libre et authentique","publisher":{"@id":"https:\/\/chloe-muecke.ch\/#organization"},"potentialAction":[{"@type":"SearchAction","target":{"@type":"EntryPoint","urlTemplate":"https:\/\/chloe-muecke.ch\/?s={search_term_string}"},"query-input":{"@type":"PropertyValueSpecification","valueRequired":true,"valueName":"search_term_string"}}],"inLanguage":"de"},{"@type":"Organization","@id":"https:\/\/chloe-muecke.ch\/#organization","name":"Chlo\u00e9 M\u00fccke","url":"https:\/\/chloe-muecke.ch\/","logo":{"@type":"ImageObject","inLanguage":"de","@id":"https:\/\/chloe-muecke.ch\/#\/schema\/logo\/image\/","url":"https:\/\/chloe-muecke.ch\/wp-content\/uploads\/2022\/01\/cropped-logo_png.png","contentUrl":"https:\/\/chloe-muecke.ch\/wp-content\/uploads\/2022\/01\/cropped-logo_png.png","width":512,"height":512,"caption":"Chlo\u00e9 M\u00fccke"},"image":{"@id":"https:\/\/chloe-muecke.ch\/#\/schema\/logo\/image\/"},"sameAs":["https:\/\/www.facebook.com\/ChloeMueckeCoachVocale"]}]}},"_links":{"self":[{"href":"https:\/\/chloe-muecke.ch\/de\/wp-json\/wp\/v2\/pages\/29646","targetHints":{"allow":["GET"]}}],"collection":[{"href":"https:\/\/chloe-muecke.ch\/de\/wp-json\/wp\/v2\/pages"}],"about":[{"href":"https:\/\/chloe-muecke.ch\/de\/wp-json\/wp\/v2\/types\/page"}],"author":[{"embeddable":true,"href":"https:\/\/chloe-muecke.ch\/de\/wp-json\/wp\/v2\/users\/1"}],"replies":[{"embeddable":true,"href":"https:\/\/chloe-muecke.ch\/de\/wp-json\/wp\/v2\/comments?post=29646"}],"version-history":[{"count":4,"href":"https:\/\/chloe-muecke.ch\/de\/wp-json\/wp\/v2\/pages\/29646\/revisions"}],"predecessor-version":[{"id":29731,"href":"https:\/\/chloe-muecke.ch\/de\/wp-json\/wp\/v2\/pages\/29646\/revisions\/29731"}],"wp:attachment":[{"href":"https:\/\/chloe-muecke.ch\/de\/wp-json\/wp\/v2\/media?parent=29646"}],"curies":[{"name":"wp","href":"https:\/\/api.w.org\/{rel}","templated":true}]}}