{"id":29648,"date":"2022-01-18T17:59:42","date_gmt":"2022-01-18T16:59:42","guid":{"rendered":"https:\/\/chloe-muecke.ch\/gesang\/"},"modified":"2022-06-13T23:22:10","modified_gmt":"2022-06-13T21:22:10","slug":"gesang","status":"publish","type":"page","link":"https:\/\/chloe-muecke.ch\/de\/gesang\/","title":{"rendered":"Gesang"},"content":{"rendered":"<p>[et_pb_section fb_built=&#8220;1&#8243; admin_label=&#8220;Hero Section&#8220; _builder_version=&#8220;4.16&#8243; background_color_gradient_direction=&#8220;105deg&#8220; background_color_gradient_start=&#8220;#1bb3eb&#8220; background_color_gradient_end=&#8220;#25efcb&#8220; custom_padding=&#8220;0px|0px|0px|0px|false|false&#8220; global_colors_info=&#8220;{}&#8220;][et_pb_row _builder_version=&#8220;4.16&#8243; background_size=&#8220;initial&#8220; background_position=&#8220;top_left&#8220; background_repeat=&#8220;repeat&#8220; global_colors_info=&#8220;{}&#8220;][et_pb_column type=&#8220;4_4&#8243; _builder_version=&#8220;4.16&#8243; custom_padding=&#8220;|||&#8220; global_colors_info=&#8220;{}&#8220; custom_padding__hover=&#8220;|||&#8220;][et_pb_text _builder_version=&#8220;4.17.4&#8243; text_font=&#8220;Abel||||||||&#8220; text_text_color=&#8220;#000000&#8243; text_font_size=&#8220;18px&#8220; text_line_height=&#8220;1.8em&#8220; header_font=&#8220;Abel|600|||||||&#8220; header_text_color=&#8220;#474747&#8243; header_font_size=&#8220;40px&#8220; header_3_font=&#8220;Poppins|600|||||||&#8220; header_3_font_size=&#8220;36px&#8220; header_3_line_height=&#8220;1.4em&#8220; background_layout=&#8220;dark&#8220; max_width=&#8220;600px&#8220; module_alignment=&#8220;left&#8220; custom_margin=&#8220;0px||||false|false&#8220; custom_padding=&#8220;0px||0px||false|false&#8220; hover_enabled=&#8220;0&#8243; text_font_size_tablet=&#8220;&#8220; text_font_size_phone=&#8220;&#8220; text_font_size_last_edited=&#8220;on|desktop&#8220; header_text_align_tablet=&#8220;&#8220; header_text_align_phone=&#8220;center&#8220; header_text_align_last_edited=&#8220;on|phone&#8220; header_font_size_tablet=&#8220;&#8220; header_font_size_phone=&#8220;24px&#8220; header_font_size_last_edited=&#8220;on|phone&#8220; locked=&#8220;off&#8220; global_colors_info=&#8220;{}&#8220; sticky_enabled=&#8220;0&#8243;]<\/p>\n<h1>Individuelles Coaching &#8211; Gesang<\/h1>\n<p>[\/et_pb_text][\/et_pb_column][\/et_pb_row][\/et_pb_section][et_pb_section fb_built=&#8220;1&#8243; _builder_version=&#8220;4.16&#8243; _module_preset=&#8220;default&#8220; background_color=&#8220;#e5dace&#8220; custom_padding=&#8220;0px||0px|||&#8220; global_colors_info=&#8220;{}&#8220;][et_pb_row _builder_version=&#8220;4.16&#8243; _module_preset=&#8220;default&#8220; background_color=&#8220;RGBA(255,255,255,0)&#8220; global_colors_info=&#8220;{}&#8220;][et_pb_column type=&#8220;4_4&#8243; _builder_version=&#8220;4.16&#8243; _module_preset=&#8220;default&#8220; global_colors_info=&#8220;{}&#8220;][et_pb_text _builder_version=&#8220;4.16&#8243; _module_preset=&#8220;default&#8220; text_font=&#8220;Abel||||||||&#8220; text_text_color=&#8220;#000000&#8243; text_font_size=&#8220;28px&#8220; text_line_height=&#8220;1.5em&#8220; ul_font=&#8220;Allerta||||||||&#8220; background_color=&#8220;RGBA(255,255,255,0)&#8220; text_orientation=&#8220;justified&#8220; text_font_size_tablet=&#8220;28px&#8220; text_font_size_phone=&#8220;22px&#8220; text_font_size_last_edited=&#8220;on|phone&#8220; text_orientation_phone=&#8220;center&#8220; text_orientation_last_edited=&#8220;off|phone&#8220; global_colors_info=&#8220;{}&#8220;]<\/p>\n<p style=\"margin-bottom: 0cm;\">&#8222;Die beste Technik, die es gibt, ist die Logik des K\u00f6rpers zu respektieren.&#8220;<\/p>\n<p>[\/et_pb_text][\/et_pb_column][\/et_pb_row][\/et_pb_section][et_pb_section fb_built=&#8220;1&#8243; _builder_version=&#8220;4.16&#8243; _module_preset=&#8220;default&#8220; custom_padding=&#8220;0px||0px|||&#8220; global_colors_info=&#8220;{}&#8220;][et_pb_row column_structure=&#8220;1_2,1_2&#8243; _builder_version=&#8220;4.16&#8243; _module_preset=&#8220;default&#8220; global_colors_info=&#8220;{}&#8220;][et_pb_column type=&#8220;1_2&#8243; _builder_version=&#8220;4.16&#8243; _module_preset=&#8220;default&#8220; global_colors_info=&#8220;{}&#8220;][et_pb_image src=&#8220;https:\/\/chloe-muecke.ch\/wp-content\/uploads\/2022\/01\/IMG_1977_2-2-scaled.jpg&#8220; title_text=&#8220;IMG_1977_2&#8243; _builder_version=&#8220;4.16&#8243; _module_preset=&#8220;default&#8220; global_colors_info=&#8220;{}&#8220;][\/et_pb_image][\/et_pb_column][et_pb_column type=&#8220;1_2&#8243; _builder_version=&#8220;4.16&#8243; _module_preset=&#8220;default&#8220; global_colors_info=&#8220;{}&#8220;][et_pb_text _builder_version=&#8220;4.17.4&#8243; _module_preset=&#8220;default&#8220; text_font=&#8220;Abel||||||||&#8220; text_font_size=&#8220;20px&#8220; text_line_height=&#8220;1.5em&#8220; hover_enabled=&#8220;0&#8243; text_font_size_tablet=&#8220;20px&#8220; text_font_size_phone=&#8220;18px&#8220; text_font_size_last_edited=&#8220;off|tablet&#8220; global_colors_info=&#8220;{}&#8220; sticky_enabled=&#8220;0&#8243;]<\/p>\n<p><strong> <\/strong><\/p>\n<p>Ihr seid Berufs- oder Laiens\u00e4nger\/in und m\u00f6chtet Aspekte eurer Gesangstimme verbessern oder bestimmte Schwierigkeiten beheben, seien sie einmalige oder wiederkehrende:<\/p>\n<p><strong>Ihr seid in meinen individuellen Gesangstunden herzlich willkommen.<\/strong><\/p>\n<p>[\/et_pb_text][\/et_pb_column][\/et_pb_row][\/et_pb_section][et_pb_section fb_built=&#8220;1&#8243; _builder_version=&#8220;4.16&#8243; _module_preset=&#8220;default&#8220; custom_padding=&#8220;0px||0px|||&#8220; global_colors_info=&#8220;{}&#8220;][et_pb_row _builder_version=&#8220;4.16&#8243; _module_preset=&#8220;default&#8220; global_colors_info=&#8220;{}&#8220;][et_pb_column type=&#8220;4_4&#8243; _builder_version=&#8220;4.16&#8243; _module_preset=&#8220;default&#8220; global_colors_info=&#8220;{}&#8220;][et_pb_text _builder_version=&#8220;4.17.4&#8243; _module_preset=&#8220;default&#8220; text_font=&#8220;Abel||||||||&#8220; text_font_size=&#8220;20px&#8220; text_line_height=&#8220;1.5em&#8220; hover_enabled=&#8220;0&#8243; text_font_size_phone=&#8220;18px&#8220; text_font_size_last_edited=&#8220;off|phone&#8220; global_colors_info=&#8220;{}&#8220; sticky_enabled=&#8220;0&#8243;]<\/p>\n<div class=\"page\" title=\"Page 1\">\n<div class=\"layoutArea\">\n<div class=\"column\">\n<p>\u00dcber die Stimmtechnik hinaus geht es beim Singen um Spontaneit\u00e4t, um Gleichgewicht zwischen Muskeltonus und Loslassen, um den freien Fluss der Energien und um Vibrationen. Singen ist eine Art, von sich zu erz\u00e4hlen und sich in der Gesamtheit seines Wesens zu zeigen.<br \/>Aber bestimmte Barrieren, \u00dcberzeugungen oder unangemessene Kontroll\u00fcbernahmen unsererseits k\u00f6nnen die Freiheit des K\u00f6rpers beim Singen einschr\u00e4nken und unsere Freude daran mindern.<\/p>\n<p>Durch ein Verst\u00e4ndnis eures K\u00f6rpers, seiner Funktionsweise und seiner Physiologie werden wir die Widerst\u00e4nde und ihre Herkunft entdecken, die euch daran hindern <strong>eine gesunde, erf\u00fcllte Stimme und ein freies, authentisches Singen zu haben.<br \/><\/strong>W\u00e4hrend einer Gesangstunden werdet ihr euch selbst und euer Stimminstrument als Ganzes kennenlernen<\/p>\n<p>W\u00e4hrend den individuellen Kursen arbeiten wir gezielt an euren Bed\u00fcrfnissen, um eure Erwartungen zu erf\u00fcllen. Mit angepassten \u00dcbungen habt ihr die M\u00f6glichkeit, Fortschritte zu machen, euch weiterzuentwickeln und Antworten auf eure Fragen zu finden.<\/p>\n<\/div>\n<\/div>\n<\/div>\n<p>[\/et_pb_text][\/et_pb_column][\/et_pb_row][\/et_pb_section][et_pb_section fb_built=&#8220;1&#8243; _builder_version=&#8220;4.16&#8243; _module_preset=&#8220;default&#8220; background_color=&#8220;#e5dace&#8220; custom_padding=&#8220;0px||0px|||&#8220; global_colors_info=&#8220;{}&#8220;][et_pb_row _builder_version=&#8220;4.16&#8243; _module_preset=&#8220;default&#8220; background_color=&#8220;RGBA(255,255,255,0)&#8220; global_colors_info=&#8220;{}&#8220;][et_pb_column type=&#8220;4_4&#8243; _builder_version=&#8220;4.16&#8243; _module_preset=&#8220;default&#8220; global_colors_info=&#8220;{}&#8220;][et_pb_text _builder_version=&#8220;4.17.4&#8243; _module_preset=&#8220;default&#8220; text_font=&#8220;Abel||||||||&#8220; text_text_color=&#8220;#000000&#8243; text_font_size=&#8220;28px&#8220; text_line_height=&#8220;1.5em&#8220; ul_font=&#8220;Allerta||||||||&#8220; background_color=&#8220;RGBA(255,255,255,0)&#8220; text_orientation=&#8220;justified&#8220; hover_enabled=&#8220;0&#8243; text_font_size_tablet=&#8220;28px&#8220; text_font_size_phone=&#8220;22px&#8220; text_font_size_last_edited=&#8220;on|phone&#8220; text_orientation_phone=&#8220;center&#8220; text_orientation_last_edited=&#8220;off|phone&#8220; global_colors_info=&#8220;{}&#8220; sticky_enabled=&#8220;0&#8243;]<\/p>\n<p style=\"margin-bottom: 0cm;\">Verschiedene Gr\u00fcnde, warum Sie zu einem Stimmtrainer\/einer Stimmtrainerin kommen sollten<\/p>\n<p>[\/et_pb_text][\/et_pb_column][\/et_pb_row][\/et_pb_section][et_pb_section fb_built=&#8220;1&#8243; _builder_version=&#8220;4.16&#8243; _module_preset=&#8220;default&#8220; custom_padding=&#8220;0px||0px|||&#8220; global_colors_info=&#8220;{}&#8220;][et_pb_row column_structure=&#8220;3_5,2_5&#8243; _builder_version=&#8220;4.16&#8243; _module_preset=&#8220;default&#8220; global_colors_info=&#8220;{}&#8220;][et_pb_column type=&#8220;3_5&#8243; _builder_version=&#8220;4.16&#8243; _module_preset=&#8220;default&#8220; global_colors_info=&#8220;{}&#8220;][et_pb_text _builder_version=&#8220;4.17.4&#8243; _module_preset=&#8220;default&#8220; text_font=&#8220;Abel||||||||&#8220; text_font_size=&#8220;20px&#8220; text_line_height=&#8220;1.5em&#8220; hover_enabled=&#8220;0&#8243; text_font_size_tablet=&#8220;20px&#8220; text_font_size_phone=&#8220;18px&#8220; text_font_size_last_edited=&#8220;off|phone&#8220; global_colors_info=&#8220;{}&#8220; sticky_enabled=&#8220;0&#8243;]<\/p>\n<p><strong>Ihr m\u00f6chtet zum Beispiel:<\/strong><\/p>\n<ul>\n<li>An Stimmkraft gewinnen<\/li>\n<li>An Ausdruckskraft gewinnen<\/li>\n<li>An eurer Interpretation arbeiten<\/li>\n<li>Mehr \u00fcber die Physiologie eures K\u00f6rpers und eures Sprechapparats erfahren<\/li>\n<li>An euren H\u00f6hen\/ Tiefen\/ Stimmregister arbeiten<\/li>\n<li>An eurem Stimmtraining weiterarbeiten<\/li>\n<li>Ein Lied f\u00fcr einen bestimmten Anlass \u00fcben<\/li>\n<li>&#8230;<\/li>\n<\/ul>\n<p>[\/et_pb_text][\/et_pb_column][et_pb_column type=&#8220;2_5&#8243; _builder_version=&#8220;4.16&#8243; _module_preset=&#8220;default&#8220; global_colors_info=&#8220;{}&#8220;][et_pb_image src=&#8220;https:\/\/chloe-muecke.ch\/wp-content\/uploads\/2022\/01\/IMG_2048_2-3.jpg&#8220; title_text=&#8220;IMG_2048_2&#8243; _builder_version=&#8220;4.16&#8243; _module_preset=&#8220;default&#8220; global_colors_info=&#8220;{}&#8220;][\/et_pb_image][\/et_pb_column][\/et_pb_row][\/et_pb_section][et_pb_section fb_built=&#8220;1&#8243; _builder_version=&#8220;4.16&#8243; _module_preset=&#8220;default&#8220; background_color=&#8220;#e5dace&#8220; custom_padding=&#8220;0px||0px|||&#8220; global_colors_info=&#8220;{}&#8220;][et_pb_row _builder_version=&#8220;4.16&#8243; _module_preset=&#8220;default&#8220; background_color=&#8220;RGBA(255,255,255,0)&#8220; global_colors_info=&#8220;{}&#8220;][et_pb_column type=&#8220;4_4&#8243; _builder_version=&#8220;4.16&#8243; _module_preset=&#8220;default&#8220; global_colors_info=&#8220;{}&#8220;][et_pb_text _builder_version=&#8220;4.16&#8243; _module_preset=&#8220;default&#8220; text_font=&#8220;Abel||||||||&#8220; text_text_color=&#8220;#000000&#8243; text_font_size=&#8220;28px&#8220; text_line_height=&#8220;1.5em&#8220; ul_font=&#8220;Allerta||||||||&#8220; background_color=&#8220;RGBA(255,255,255,0)&#8220; text_orientation=&#8220;justified&#8220; text_font_size_tablet=&#8220;28px&#8220; text_font_size_phone=&#8220;22px&#8220; text_font_size_last_edited=&#8220;on|phone&#8220; text_orientation_phone=&#8220;center&#8220; text_orientation_last_edited=&#8220;off|phone&#8220; global_colors_info=&#8220;{}&#8220;]<\/p>\n<p style=\"margin-bottom: 0cm;\"><a href=\"https:\/\/chloe-muecke.ch\/de\/kontakt\/\">Hier Termin buchen<\/a><\/p>\n<p>[\/et_pb_text][\/et_pb_column][\/et_pb_row][\/et_pb_section][et_pb_section fb_built=&#8220;1&#8243; _builder_version=&#8220;4.16&#8243; _module_preset=&#8220;default&#8220; custom_padding=&#8220;0px||0px|||&#8220; global_colors_info=&#8220;{}&#8220;][et_pb_row column_structure=&#8220;1_3,2_3&#8243; _builder_version=&#8220;4.16&#8243; _module_preset=&#8220;default&#8220; global_colors_info=&#8220;{}&#8220;][et_pb_column type=&#8220;1_3&#8243; _builder_version=&#8220;4.16&#8243; _module_preset=&#8220;default&#8220; global_colors_info=&#8220;{}&#8220;][et_pb_image src=&#8220;https:\/\/chloe-muecke.ch\/wp-content\/uploads\/2022\/01\/IMG_2010_2-4.jpeg&#8220; title_text=&#8220;IMG_2010_2&#8243; _builder_version=&#8220;4.16&#8243; _module_preset=&#8220;default&#8220; global_colors_info=&#8220;{}&#8220;][\/et_pb_image][\/et_pb_column][et_pb_column type=&#8220;2_3&#8243; _builder_version=&#8220;4.16&#8243; _module_preset=&#8220;default&#8220; global_colors_info=&#8220;{}&#8220;][et_pb_text _builder_version=&#8220;4.17.4&#8243; _module_preset=&#8220;default&#8220; text_font_size=&#8220;20px&#8220; text_line_height=&#8220;1.5em&#8220; hover_enabled=&#8220;0&#8243; text_font_size_phone=&#8220;18px&#8220; text_font_size_last_edited=&#8220;off|phone&#8220; global_colors_info=&#8220;{}&#8220; sticky_enabled=&#8220;0&#8243;]<\/p>\n<p><strong>Oder Sie haben Schwierigkeiten, wie zum Beispiel:<\/strong><\/p>\n<ul>\n<li>Stimmliche Erm\u00fcdung<\/li>\n<li>Kurzatmigkeit, das Gef\u00fchl, keine Luft mehr zu bekommen<\/li>\n<li>Schmerzen im Kiefer, Kehlkopf oder anderen Bereichen beim Singen<\/li>\n<li>Probleme mit der Aussprache<\/li>\n<li>Probleme mit den Stimmregister (Brust-, Kopf-, Mischstimme)<\/li>\n<li>(Probl\u00e8me de justesse)<\/li>\n<li>&#8230;<\/li>\n<\/ul>\n<p>[\/et_pb_text][\/et_pb_column][\/et_pb_row][\/et_pb_section][et_pb_section fb_built=&#8220;1&#8243; _builder_version=&#8220;4.16&#8243; _module_preset=&#8220;default&#8220; background_color=&#8220;#e5dace&#8220; custom_padding=&#8220;0px||0px|||&#8220; global_colors_info=&#8220;{}&#8220;][et_pb_row _builder_version=&#8220;4.16&#8243; _module_preset=&#8220;default&#8220; background_color=&#8220;RGBA(255,255,255,0)&#8220; global_colors_info=&#8220;{}&#8220;][et_pb_column type=&#8220;4_4&#8243; _builder_version=&#8220;4.16&#8243; _module_preset=&#8220;default&#8220; global_colors_info=&#8220;{}&#8220;][et_pb_button button_url=&#8220;https:\/\/chloe-muecke.ch\/de\/infos\/&#8220; button_text=&#8220;Zu den Preisen&#8220; button_alignment=&#8220;center&#8220; _builder_version=&#8220;4.16&#8243; _module_preset=&#8220;default&#8220; global_colors_info=&#8220;{}&#8220;][\/et_pb_button][\/et_pb_column][\/et_pb_row][\/et_pb_section]<\/p>\n","protected":false},"excerpt":{"rendered":"<p>Individuelles Coaching &#8211; Gesang&#8220;Die beste Technik, die es gibt, ist die Logik des K\u00f6rpers zu respektieren.&#8220; Ihr seid Berufs- oder Laiens\u00e4nger\/in und m\u00f6chtet Aspekte eurer Gesangstimme verbessern oder bestimmte Schwierigkeiten beheben, seien sie einmalige oder wiederkehrende: Ihr seid in meinen individuellen Gesangstunden herzlich willkommen. \u00dcber die Stimmtechnik hinaus geht es beim Singen um Spontaneit\u00e4t, um [&hellip;]<\/p>\n","protected":false},"author":1,"featured_media":0,"parent":0,"menu_order":0,"comment_status":"closed","ping_status":"closed","template":"","meta":{"_et_pb_use_builder":"on","_et_pb_old_content":"","_et_gb_content_width":"","footnotes":""},"class_list":["post-29648","page","type-page","status-publish","hentry"],"yoast_head":"<!-- This site is optimized with the Yoast SEO plugin v27.4 - https:\/\/yoast.com\/product\/yoast-seo-wordpress\/ -->\n<title>Gesang - Chlo\u00e9 M\u00fccke - Coach vocale<\/title>\n<meta name=\"description\" content=\"Vous chantez, professionnellement ou non, vous souhaitez vous am\u00e9liorer ou r\u00e9gler des difficult\u00e9s, qu&#039;elles soient ponctuelles ou r\u00e9currentes\" \/>\n<meta name=\"robots\" content=\"index, follow, max-snippet:-1, max-image-preview:large, max-video-preview:-1\" \/>\n<link rel=\"canonical\" href=\"https:\/\/chloe-muecke.ch\/de\/gesang\/\" \/>\n<meta property=\"og:locale\" content=\"de_DE\" \/>\n<meta property=\"og:type\" content=\"article\" \/>\n<meta property=\"og:title\" content=\"Gesang - Chlo\u00e9 M\u00fccke - Coach vocale\" \/>\n<meta property=\"og:description\" content=\"Vous chantez, professionnellement ou non, vous souhaitez vous am\u00e9liorer ou r\u00e9gler des difficult\u00e9s, qu&#039;elles soient ponctuelles ou r\u00e9currentes\" \/>\n<meta property=\"og:url\" content=\"https:\/\/chloe-muecke.ch\/de\/gesang\/\" \/>\n<meta property=\"og:site_name\" content=\"Chlo\u00e9 M\u00fccke - Coach vocale\" \/>\n<meta property=\"article:publisher\" content=\"https:\/\/www.facebook.com\/ChloeMueckeCoachVocale\" \/>\n<meta property=\"article:modified_time\" content=\"2022-06-13T21:22:10+00:00\" \/>\n<meta name=\"twitter:card\" content=\"summary_large_image\" \/>\n<meta name=\"twitter:label1\" content=\"Gesch\u00e4tzte Lesezeit\" \/>\n\t<meta name=\"twitter:data1\" content=\"7\u00a0Minuten\" \/>\n<script type=\"application\/ld+json\" class=\"yoast-schema-graph\">{\"@context\":\"https:\\\/\\\/schema.org\",\"@graph\":[{\"@type\":\"WebPage\",\"@id\":\"https:\\\/\\\/chloe-muecke.ch\\\/de\\\/gesang\\\/\",\"url\":\"https:\\\/\\\/chloe-muecke.ch\\\/de\\\/gesang\\\/\",\"name\":\"Gesang - Chlo\u00e9 M\u00fccke - Coach vocale\",\"isPartOf\":{\"@id\":\"https:\\\/\\\/chloe-muecke.ch\\\/#website\"},\"datePublished\":\"2022-01-18T16:59:42+00:00\",\"dateModified\":\"2022-06-13T21:22:10+00:00\",\"description\":\"Vous chantez, professionnellement ou non, vous souhaitez vous am\u00e9liorer ou r\u00e9gler des difficult\u00e9s, qu'elles soient ponctuelles ou r\u00e9currentes\",\"breadcrumb\":{\"@id\":\"https:\\\/\\\/chloe-muecke.ch\\\/de\\\/gesang\\\/#breadcrumb\"},\"inLanguage\":\"de\",\"potentialAction\":[{\"@type\":\"ReadAction\",\"target\":[\"https:\\\/\\\/chloe-muecke.ch\\\/de\\\/gesang\\\/\"]}]},{\"@type\":\"BreadcrumbList\",\"@id\":\"https:\\\/\\\/chloe-muecke.ch\\\/de\\\/gesang\\\/#breadcrumb\",\"itemListElement\":[{\"@type\":\"ListItem\",\"position\":1,\"name\":\"Accueil\",\"item\":\"https:\\\/\\\/chloe-muecke.ch\\\/de\\\/\"},{\"@type\":\"ListItem\",\"position\":2,\"name\":\"Gesang\"}]},{\"@type\":\"WebSite\",\"@id\":\"https:\\\/\\\/chloe-muecke.ch\\\/#website\",\"url\":\"https:\\\/\\\/chloe-muecke.ch\\\/\",\"name\":\"Chlo\u00e9 M\u00fccke - Coach vocale\",\"description\":\"Coach Vocale - Pour une voix libre et authentique\",\"publisher\":{\"@id\":\"https:\\\/\\\/chloe-muecke.ch\\\/#organization\"},\"potentialAction\":[{\"@type\":\"SearchAction\",\"target\":{\"@type\":\"EntryPoint\",\"urlTemplate\":\"https:\\\/\\\/chloe-muecke.ch\\\/?s={search_term_string}\"},\"query-input\":{\"@type\":\"PropertyValueSpecification\",\"valueRequired\":true,\"valueName\":\"search_term_string\"}}],\"inLanguage\":\"de\"},{\"@type\":\"Organization\",\"@id\":\"https:\\\/\\\/chloe-muecke.ch\\\/#organization\",\"name\":\"Chlo\u00e9 M\u00fccke\",\"url\":\"https:\\\/\\\/chloe-muecke.ch\\\/\",\"logo\":{\"@type\":\"ImageObject\",\"inLanguage\":\"de\",\"@id\":\"https:\\\/\\\/chloe-muecke.ch\\\/#\\\/schema\\\/logo\\\/image\\\/\",\"url\":\"https:\\\/\\\/chloe-muecke.ch\\\/wp-content\\\/uploads\\\/2022\\\/01\\\/cropped-logo_png.png\",\"contentUrl\":\"https:\\\/\\\/chloe-muecke.ch\\\/wp-content\\\/uploads\\\/2022\\\/01\\\/cropped-logo_png.png\",\"width\":512,\"height\":512,\"caption\":\"Chlo\u00e9 M\u00fccke\"},\"image\":{\"@id\":\"https:\\\/\\\/chloe-muecke.ch\\\/#\\\/schema\\\/logo\\\/image\\\/\"},\"sameAs\":[\"https:\\\/\\\/www.facebook.com\\\/ChloeMueckeCoachVocale\"]}]}<\/script>\n<!-- \/ Yoast SEO plugin. -->","yoast_head_json":{"title":"Gesang - Chlo\u00e9 M\u00fccke - Coach vocale","description":"Vous chantez, professionnellement ou non, vous souhaitez vous am\u00e9liorer ou r\u00e9gler des difficult\u00e9s, qu'elles soient ponctuelles ou r\u00e9currentes","robots":{"index":"index","follow":"follow","max-snippet":"max-snippet:-1","max-image-preview":"max-image-preview:large","max-video-preview":"max-video-preview:-1"},"canonical":"https:\/\/chloe-muecke.ch\/de\/gesang\/","og_locale":"de_DE","og_type":"article","og_title":"Gesang - Chlo\u00e9 M\u00fccke - Coach vocale","og_description":"Vous chantez, professionnellement ou non, vous souhaitez vous am\u00e9liorer ou r\u00e9gler des difficult\u00e9s, qu'elles soient ponctuelles ou r\u00e9currentes","og_url":"https:\/\/chloe-muecke.ch\/de\/gesang\/","og_site_name":"Chlo\u00e9 M\u00fccke - Coach vocale","article_publisher":"https:\/\/www.facebook.com\/ChloeMueckeCoachVocale","article_modified_time":"2022-06-13T21:22:10+00:00","twitter_card":"summary_large_image","twitter_misc":{"Gesch\u00e4tzte Lesezeit":"7\u00a0Minuten"},"schema":{"@context":"https:\/\/schema.org","@graph":[{"@type":"WebPage","@id":"https:\/\/chloe-muecke.ch\/de\/gesang\/","url":"https:\/\/chloe-muecke.ch\/de\/gesang\/","name":"Gesang - Chlo\u00e9 M\u00fccke - Coach vocale","isPartOf":{"@id":"https:\/\/chloe-muecke.ch\/#website"},"datePublished":"2022-01-18T16:59:42+00:00","dateModified":"2022-06-13T21:22:10+00:00","description":"Vous chantez, professionnellement ou non, vous souhaitez vous am\u00e9liorer ou r\u00e9gler des difficult\u00e9s, qu'elles soient ponctuelles ou r\u00e9currentes","breadcrumb":{"@id":"https:\/\/chloe-muecke.ch\/de\/gesang\/#breadcrumb"},"inLanguage":"de","potentialAction":[{"@type":"ReadAction","target":["https:\/\/chloe-muecke.ch\/de\/gesang\/"]}]},{"@type":"BreadcrumbList","@id":"https:\/\/chloe-muecke.ch\/de\/gesang\/#breadcrumb","itemListElement":[{"@type":"ListItem","position":1,"name":"Accueil","item":"https:\/\/chloe-muecke.ch\/de\/"},{"@type":"ListItem","position":2,"name":"Gesang"}]},{"@type":"WebSite","@id":"https:\/\/chloe-muecke.ch\/#website","url":"https:\/\/chloe-muecke.ch\/","name":"Chlo\u00e9 M\u00fccke - Coach vocale","description":"Coach Vocale - Pour une voix libre et authentique","publisher":{"@id":"https:\/\/chloe-muecke.ch\/#organization"},"potentialAction":[{"@type":"SearchAction","target":{"@type":"EntryPoint","urlTemplate":"https:\/\/chloe-muecke.ch\/?s={search_term_string}"},"query-input":{"@type":"PropertyValueSpecification","valueRequired":true,"valueName":"search_term_string"}}],"inLanguage":"de"},{"@type":"Organization","@id":"https:\/\/chloe-muecke.ch\/#organization","name":"Chlo\u00e9 M\u00fccke","url":"https:\/\/chloe-muecke.ch\/","logo":{"@type":"ImageObject","inLanguage":"de","@id":"https:\/\/chloe-muecke.ch\/#\/schema\/logo\/image\/","url":"https:\/\/chloe-muecke.ch\/wp-content\/uploads\/2022\/01\/cropped-logo_png.png","contentUrl":"https:\/\/chloe-muecke.ch\/wp-content\/uploads\/2022\/01\/cropped-logo_png.png","width":512,"height":512,"caption":"Chlo\u00e9 M\u00fccke"},"image":{"@id":"https:\/\/chloe-muecke.ch\/#\/schema\/logo\/image\/"},"sameAs":["https:\/\/www.facebook.com\/ChloeMueckeCoachVocale"]}]}},"_links":{"self":[{"href":"https:\/\/chloe-muecke.ch\/de\/wp-json\/wp\/v2\/pages\/29648","targetHints":{"allow":["GET"]}}],"collection":[{"href":"https:\/\/chloe-muecke.ch\/de\/wp-json\/wp\/v2\/pages"}],"about":[{"href":"https:\/\/chloe-muecke.ch\/de\/wp-json\/wp\/v2\/types\/page"}],"author":[{"embeddable":true,"href":"https:\/\/chloe-muecke.ch\/de\/wp-json\/wp\/v2\/users\/1"}],"replies":[{"embeddable":true,"href":"https:\/\/chloe-muecke.ch\/de\/wp-json\/wp\/v2\/comments?post=29648"}],"version-history":[{"count":6,"href":"https:\/\/chloe-muecke.ch\/de\/wp-json\/wp\/v2\/pages\/29648\/revisions"}],"predecessor-version":[{"id":29727,"href":"https:\/\/chloe-muecke.ch\/de\/wp-json\/wp\/v2\/pages\/29648\/revisions\/29727"}],"wp:attachment":[{"href":"https:\/\/chloe-muecke.ch\/de\/wp-json\/wp\/v2\/media?parent=29648"}],"curies":[{"name":"wp","href":"https:\/\/api.w.org\/{rel}","templated":true}]}}